{"id":152,"date":"2019-04-18T11:12:45","date_gmt":"2019-04-18T11:12:45","guid":{"rendered":"https:\/\/envothemes.com\/envo-ecommerce\/?page_id=48"},"modified":"2026-04-11T19:01:21","modified_gmt":"2026-04-11T19:01:21","slug":"contact","status":"publish","type":"page","link":"https:\/\/maisonjehan.com\/index.php\/contact\/","title":{"rendered":"Contact"},"content":{"rendered":"<h1>Nous contacter<\/h1>\n<h2>par mail ou par t\u00e9l\u00e9phone<\/h2>\n<p>Contactez-nous par mail ou par t\u00e9l\u00e9phone<\/p>\n<ul>\n<li>\n\t\t\t\t\t\t\t\t\t\tcontact@maisonjehan.com\n\t\t\t\t\t\t\t\t\t<\/li>\n<li>\n\t\t\t\t\t\t\t\t\t\t06 88 48 28 38\n\t\t\t\t\t\t\t\t\t<\/li>\n<\/ul>\n<h2>sur Facebook<\/h2>\n<p>Suivez-nous sur Facebook !<\/p>\n<p>\t\t\t<a href=\"https:\/\/www.facebook.com\/maisonjehanmichel\/\"><br \/>\n\t\t\t\t\t\t<\/a><\/p>\n<h5>Facebook<\/h5>\n","protected":false},"excerpt":{"rendered":"<p>Nous contacter par mail ou par t\u00e9l\u00e9phone Contactez-nous par mail ou par t\u00e9l\u00e9phone contact@maisonjehan.com 06 88 48 28 38 sur&hellip;<\/p>\n","protected":false},"author":1,"featured_media":0,"parent":0,"menu_order":0,"comment_status":"closed","ping_status":"closed","template":"template-parts\/template-page-builders.php","meta":{"footnotes":""},"class_list":["post-152","page","type-page","status-publish","hentry"],"yoast_head":"<!-- This site is optimized with the Yoast SEO plugin v27.4 - https:\/\/yoast.com\/product\/yoast-seo-wordpress\/ -->\n<title>Contact - Maison Jehan<\/title>\n<meta name=\"description\" content=\"Contactez-nous par mail ou par t\u00e9l\u00e9phone: contact@maisonjehan.com 02 33 51 62 08\" \/>\n<meta name=\"robots\" content=\"index, follow, max-snippet:-1, max-image-preview:large, max-video-preview:-1\" \/>\n<link rel=\"canonical\" href=\"https:\/\/maisonjehan.com\/index.php\/contact\/\" \/>\n<meta property=\"og:locale\" content=\"fr_FR\" \/>\n<meta property=\"og:type\" content=\"article\" \/>\n<meta property=\"og:title\" content=\"Contact - Maison Jehan\" \/>\n<meta property=\"og:description\" content=\"Contactez-nous par mail ou par t\u00e9l\u00e9phone: contact@maisonjehan.com 02 33 51 62 08\" \/>\n<meta property=\"og:url\" content=\"https:\/\/maisonjehan.com\/index.php\/contact\/\" \/>\n<meta property=\"article:publisher\" content=\"https:\/\/www.facebook.com\/maisonjehanmichel\" \/>\n<meta property=\"article:modified_time\" content=\"2026-04-11T19:01:21+00:00\" \/>\n<meta property=\"og:image\" content=\"https:\/\/maisonjehan.com\/wp-content\/uploads\/2021\/02\/Logo_Maison_Jehan.png\" \/>\n\t<meta property=\"og:image:width\" content=\"699\" \/>\n\t<meta property=\"og:image:height\" content=\"695\" \/>\n\t<meta property=\"og:image:type\" content=\"image\/png\" \/>\n<meta name=\"twitter:card\" content=\"summary_large_image\" \/>\n<meta name=\"twitter:label1\" content=\"Dur\u00e9e de lecture estim\u00e9e\" \/>\n\t<meta name=\"twitter:data1\" content=\"1 minute\" \/>\n<script type=\"application\/ld+json\" class=\"yoast-schema-graph\">{\"@context\":\"https:\\\/\\\/schema.org\",\"@graph\":[{\"@type\":\"WebPage\",\"@id\":\"https:\\\/\\\/maisonjehan.com\\\/index.php\\\/contact\\\/\",\"url\":\"https:\\\/\\\/maisonjehan.com\\\/index.php\\\/contact\\\/\",\"name\":\"Contact - Maison Jehan\",\"isPartOf\":{\"@id\":\"https:\\\/\\\/maisonjehan.com\\\/#website\"},\"datePublished\":\"2019-04-18T11:12:45+00:00\",\"dateModified\":\"2026-04-11T19:01:21+00:00\",\"description\":\"Contactez-nous par mail ou par t\u00e9l\u00e9phone: contact@maisonjehan.com 02 33 51 62 08\",\"breadcrumb\":{\"@id\":\"https:\\\/\\\/maisonjehan.com\\\/index.php\\\/contact\\\/#breadcrumb\"},\"inLanguage\":\"fr-FR\",\"potentialAction\":[{\"@type\":\"ReadAction\",\"target\":[\"https:\\\/\\\/maisonjehan.com\\\/index.php\\\/contact\\\/\"]}]},{\"@type\":\"BreadcrumbList\",\"@id\":\"https:\\\/\\\/maisonjehan.com\\\/index.php\\\/contact\\\/#breadcrumb\",\"itemListElement\":[{\"@type\":\"ListItem\",\"position\":1,\"name\":\"Home\",\"item\":\"https:\\\/\\\/maisonjehan.com\\\/\"},{\"@type\":\"ListItem\",\"position\":2,\"name\":\"Contact\"}]},{\"@type\":\"WebSite\",\"@id\":\"https:\\\/\\\/maisonjehan.com\\\/#website\",\"url\":\"https:\\\/\\\/maisonjehan.com\\\/\",\"name\":\"\",\"description\":\"Artisan - Cidriculteur\",\"potentialAction\":[{\"@type\":\"SearchAction\",\"target\":{\"@type\":\"EntryPoint\",\"urlTemplate\":\"https:\\\/\\\/maisonjehan.com\\\/?s={search_term_string}\"},\"query-input\":{\"@type\":\"PropertyValueSpecification\",\"valueRequired\":true,\"valueName\":\"search_term_string\"}}],\"inLanguage\":\"fr-FR\"}]}<\/script>\n<!-- \/ Yoast SEO plugin. -->","yoast_head_json":{"title":"Contact - Maison Jehan","description":"Contactez-nous par mail ou par t\u00e9l\u00e9phone: contact@maisonjehan.com 02 33 51 62 08","robots":{"index":"index","follow":"follow","max-snippet":"max-snippet:-1","max-image-preview":"max-image-preview:large","max-video-preview":"max-video-preview:-1"},"canonical":"https:\/\/maisonjehan.com\/index.php\/contact\/","og_locale":"fr_FR","og_type":"article","og_title":"Contact - Maison Jehan","og_description":"Contactez-nous par mail ou par t\u00e9l\u00e9phone: contact@maisonjehan.com 02 33 51 62 08","og_url":"https:\/\/maisonjehan.com\/index.php\/contact\/","article_publisher":"https:\/\/www.facebook.com\/maisonjehanmichel","article_modified_time":"2026-04-11T19:01:21+00:00","og_image":[{"width":699,"height":695,"url":"https:\/\/maisonjehan.com\/wp-content\/uploads\/2021\/02\/Logo_Maison_Jehan.png","type":"image\/png"}],"twitter_card":"summary_large_image","twitter_misc":{"Dur\u00e9e de lecture estim\u00e9e":"1 minute"},"schema":{"@context":"https:\/\/schema.org","@graph":[{"@type":"WebPage","@id":"https:\/\/maisonjehan.com\/index.php\/contact\/","url":"https:\/\/maisonjehan.com\/index.php\/contact\/","name":"Contact - Maison Jehan","isPartOf":{"@id":"https:\/\/maisonjehan.com\/#website"},"datePublished":"2019-04-18T11:12:45+00:00","dateModified":"2026-04-11T19:01:21+00:00","description":"Contactez-nous par mail ou par t\u00e9l\u00e9phone: contact@maisonjehan.com 02 33 51 62 08","breadcrumb":{"@id":"https:\/\/maisonjehan.com\/index.php\/contact\/#breadcrumb"},"inLanguage":"fr-FR","potentialAction":[{"@type":"ReadAction","target":["https:\/\/maisonjehan.com\/index.php\/contact\/"]}]},{"@type":"BreadcrumbList","@id":"https:\/\/maisonjehan.com\/index.php\/contact\/#breadcrumb","itemListElement":[{"@type":"ListItem","position":1,"name":"Home","item":"https:\/\/maisonjehan.com\/"},{"@type":"ListItem","position":2,"name":"Contact"}]},{"@type":"WebSite","@id":"https:\/\/maisonjehan.com\/#website","url":"https:\/\/maisonjehan.com\/","name":"","description":"Artisan - Cidriculteur","potentialAction":[{"@type":"SearchAction","target":{"@type":"EntryPoint","urlTemplate":"https:\/\/maisonjehan.com\/?s={search_term_string}"},"query-input":{"@type":"PropertyValueSpecification","valueRequired":true,"valueName":"search_term_string"}}],"inLanguage":"fr-FR"}]}},"jetpack_sharing_enabled":true,"_links":{"self":[{"href":"https:\/\/maisonjehan.com\/index.php\/wp-json\/wp\/v2\/pages\/152","targetHints":{"allow":["GET"]}}],"collection":[{"href":"https:\/\/maisonjehan.com\/index.php\/wp-json\/wp\/v2\/pages"}],"about":[{"href":"https:\/\/maisonjehan.com\/index.php\/wp-json\/wp\/v2\/types\/page"}],"author":[{"embeddable":true,"href":"https:\/\/maisonjehan.com\/index.php\/wp-json\/wp\/v2\/users\/1"}],"replies":[{"embeddable":true,"href":"https:\/\/maisonjehan.com\/index.php\/wp-json\/wp\/v2\/comments?post=152"}],"version-history":[{"count":33,"href":"https:\/\/maisonjehan.com\/index.php\/wp-json\/wp\/v2\/pages\/152\/revisions"}],"predecessor-version":[{"id":1020,"href":"https:\/\/maisonjehan.com\/index.php\/wp-json\/wp\/v2\/pages\/152\/revisions\/1020"}],"wp:attachment":[{"href":"https:\/\/maisonjehan.com\/index.php\/wp-json\/wp\/v2\/media?parent=152"}],"curies":[{"name":"wp","href":"https:\/\/api.w.org\/{rel}","templated":true}]}}