{"id":3,"date":"2020-11-28T23:05:17","date_gmt":"2020-11-28T23:05:17","guid":{"rendered":"https:\/\/maisonjehan.com\/?page_id=3"},"modified":"2021-02-21T20:51:33","modified_gmt":"2021-02-21T20:51:33","slug":"privacy-policy","status":"publish","type":"page","link":"https:\/\/maisonjehan.com\/index.php\/privacy-policy\/","title":{"rendered":"Mentions l\u00e9gales"},"content":{"rendered":"\n<h2 class=\"wp-block-heading\">Qui sommes-nous<\/h2>\n\n\n\n<p>Notre site internet est <strong>www.maisonjehan.com<\/strong><\/p>\n\n\n\n<p>D\u00e9nomination sociale ou raison sociale : <strong>MAISON JEHAN<\/strong><\/p>\n\n\n\n<p><strong>MAISON JEHAN<\/strong>, Soci\u00e9t\u00e9 par action simplifi\u00e9es au capital de 165 500\u20ac, a d\u00e9but\u00e9 son activit\u00e9 en mai 2019.<\/p>\n\n\n\n<p>Michel Adrien Fernand JEHAN&nbsp;est pr\u00e9sident de la soci\u00e9t\u00e9 MAISON JEHAN. Le si\u00e8ge social de cette entreprise est actuellement situ\u00e9 73 Route Arthur Legrand &#8211;&nbsp;50600 Parigny<\/p>\n\n\n\n<p><strong>MAISON JEHAN<\/strong> \u00e9volue sur le secteur d&rsquo;activit\u00e9 :&nbsp;Industries alimentaires<\/p>\n\n\n\n<p><strong>Renseignements juridiques<\/strong><\/p>\n\n\n\n<figure class=\"wp-block-table is-style-stripes\"><table class=\"has-fixed-layout\"><tbody><tr><td>Date cr\u00e9ation entreprise<\/td><td>01-05-2019<\/td><\/tr><tr><td>Forme juridique de la soci\u00e9t\u00e9<\/td><td>Soci\u00e9t\u00e9 par actions simplifi\u00e9e<\/td><\/tr><tr><td>Noms commerciaux<\/td><td>MAISON JEHAN<\/td><\/tr><tr><td>Num\u00e9ro de t\u00e9l\u00e9phone<\/td><td>06 88 48 28 38<\/td><\/tr><tr><td>Adresse postale<\/td><td><a href=\"javascript:void(0);\">MAISON JEHAN<\/a><br><a href=\"javascript:void(0);\">73 RTE ARTHUR LEGRAND <\/a><br><a href=\"javascript:void(0);\">50600 GRANDPARIGNY<\/a><\/td><\/tr><\/tbody><\/table><\/figure>\n\n\n\n<p><strong>Num\u00e9ros d&rsquo;identification<\/strong><\/p>\n\n\n\n<figure class=\"wp-block-table is-style-stripes\"><table class=\"has-fixed-layout\"><tbody><tr><td>Num\u00e9ro de SIREN<\/td><td>851 389 494<\/td><\/tr><tr><td>Num\u00e9ro de SIRET<\/td><td>851 389 494 00010<\/td><\/tr><tr><td>N\u00b0 de TVA intracommunautaire<\/td><td>FR93851389494<\/td><\/tr><tr><td>N\u00b0 RCS<\/td><td>Coutances B 851&nbsp;389&nbsp;494<\/td><\/tr><tr><td>Capital Social<\/td><td>165 500&nbsp;\u20ac<\/td><\/tr><\/tbody><\/table><\/figure>\n\n\n\n<p><strong>Contact<\/strong><\/p>\n\n\n\n<figure class=\"wp-block-table is-style-stripes\"><table class=\"has-fixed-layout\"><tbody><tr><td>Nom du directeur <\/td><td>M. JEHAN Michel<\/td><\/tr><tr><td>Num\u00e9ro de t\u00e9l\u00e9phone<\/td><td>06 88 48 28 38<\/td><\/tr><tr><td>Mail de contact<\/td><td>contact@maisonjehan.com<\/td><\/tr><\/tbody><\/table><\/figure>\n\n\n\n<p><strong>Informations commerciales<\/strong><\/p>\n\n\n\n<figure class=\"wp-block-table is-style-stripes\"><table class=\"has-fixed-layout\"><tbody><tr><td>Cat\u00e9gorie<\/td><td>Agroalimentaire<\/td><\/tr><tr><td>Activit\u00e9 (Code NAF ou APE)<\/td><td>Transformation et conservation de fruits (1039B)<\/td><\/tr><tr><td>Activit\u00e9 (Code APRM)<\/td><td>Transformation et conservation de fruits (1039BP)<\/td><\/tr><\/tbody><\/table><\/figure>\n\n\n\n<p><strong>Informations juridiques<\/strong><\/p>\n\n\n\n<figure class=\"wp-block-table is-style-stripes\"><table class=\"has-fixed-layout\"><tbody><tr><td>Statut RCS<\/td><td><br>INSCRITE<em>&nbsp;&#8211; au greffe de Coutances<\/em><\/td><\/tr><tr><td>Statut INSEE<\/td><td>INSCRITE<\/td><\/tr><tr><td>Date d&rsquo;immatriculation RCS<\/td><td>Immatricul\u00e9e au RCS le 06-06-2019<\/td><\/tr><tr><td>Date d&rsquo;enregistrement INSEE<\/td><td>Enregistr\u00e9e \u00e0 l&rsquo;INSEE le 01-05-2019<\/td><\/tr><\/tbody><\/table><\/figure>\n\n\n\n<div style=\"height:45px\" aria-hidden=\"true\" class=\"wp-block-spacer\"><\/div>\n\n\n\n<h2 class=\"wp-block-heading\">H\u00e9bergement du site<\/h2>\n\n\n\n<p>Le site <strong>www.maisonjehan.com<\/strong> est h\u00e9berg\u00e9 chez OVH<\/p>\n\n\n\n<p><strong>La soci\u00e9t\u00e9 OVH<\/strong><\/p>\n\n\n\n<p>OVH SAS est une filiale de la soci\u00e9t\u00e9 OVH Groupe SAS, soci\u00e9t\u00e9 immatricul\u00e9e au RCS de Lille sous le num\u00e9ro 537 407 926 sise 2, rue Kellermann, 59100 Roubaix.<\/p>\n\n\n\n<figure class=\"wp-block-table is-style-stripes\"><table class=\"has-fixed-layout\"><tbody><tr><td>Forme juridique de la soci\u00e9t\u00e9<\/td><td>SAS<\/td><\/tr><tr><td>Capital<\/td><td>10 069 020 \u20ac<\/td><\/tr><tr><td>RCS<\/td><td>Lille M\u00e9tropole 424 761 419 00045<\/td><\/tr><tr><td>Code APE<\/td><td>2620Z<\/td><\/tr><tr><td>N\u00b0 TVA<\/td><td>FR 22 424 761 419<\/td><\/tr><tr><td>Si\u00e8ge social<\/td><td>2 rue Kellermann<br>59100 Roubaix<br>France<\/td><\/tr><tr><td>Num\u00e9ro de t\u00e9l\u00e9phone<\/td><td>1007<\/td><\/tr><\/tbody><\/table><\/figure>\n\n\n\n<p><\/p>\n\n\n\n<figure class=\"wp-block-table is-style-stripes\"><table class=\"has-fixed-layout\"><tbody><tr><td>Directeur de la publication<\/td><td>Octave KLABA<\/td><\/tr><tr><td>Pr\u00e9sident<\/td><td>Henryk KLABA<\/td><\/tr><tr><td>Directeur g\u00e9n\u00e9ral<\/td><td>Miroslaw KLABA<\/td><\/tr><tr><td>Directeur g\u00e9n\u00e9ral d\u00e9l\u00e9gu\u00e9<\/td><td>Octave KLABA<\/td><\/tr><tr><td>Directeur g\u00e9n\u00e9ral d\u00e9l\u00e9gu\u00e9<\/td><td>Halina KLABA<\/td><\/tr><\/tbody><\/table><\/figure>\n\n\n\n<div style=\"height:33px\" aria-hidden=\"true\" class=\"wp-block-spacer\"><\/div>\n\n\n\n<p><strong>Les conditions g\u00e9n\u00e9rales de vente sont disponibles <a href=\"https:\/\/maisonjehan.com\/index.php\/conditions-generales-de-vente\/\">ici<\/a><\/strong><\/p>\n\n\n\n<p><strong>Mentions relatives \u00e0 l&rsquo;utilisation de cookies<\/strong> <strong>disponibles <a href=\"https:\/\/maisonjehan.com\/index.php\/politique-de-cookies-ue\/\" target=\"_blank\" rel=\"noreferrer noopener\">ici<\/a><\/strong><\/p>\n\n\n\n<div style=\"height:34px\" aria-hidden=\"true\" class=\"wp-block-spacer\"><\/div>\n\n\n\n<p><strong>Activit\u00e9<\/strong><\/p>\n\n\n\n<p>Pour une activit\u00e9 commerciale, les mentions obligatoires sont les suivantes&nbsp;:<\/p>\n\n\n\n<ul class=\"wp-block-list\"><li>Num\u00e9ro d&rsquo;inscription au registre du commerce et des soci\u00e9t\u00e9s<\/li><li>Num\u00e9ro individuel d&rsquo;identification fiscale<\/li><li>Conditions g\u00e9n\u00e9rales de vente (CGV) incluant le prix TTC en euros, les frais et date de livraison, les modalit\u00e9s de paiement, le service apr\u00e8s vente, le droit de r\u00e9tractation, la dur\u00e9e de l&rsquo;offre, le co\u00fbt de la communication \u00e0 distance<\/li><\/ul>\n\n\n\n<p><strong>Mentions relatives \u00e0 l&rsquo;utilisation de donn\u00e9es personnelles<\/strong><\/p>\n\n\n\n<p>Les sites qui utilisent des donn\u00e9es personnelles doivent obligatoires mentionner les informations suivantes&nbsp;:<\/p>\n\n\n\n<ul class=\"wp-block-list\"><li>Coordonn\u00e9es du d\u00e9l\u00e9gu\u00e9 \u00e0 la protection des donn\u00e9es (DPO ou DPD) de l&rsquo;organisme, s&rsquo;il a \u00e9t\u00e9 d\u00e9sign\u00e9, ou d&rsquo;un point de contact sur les questions de protection des donn\u00e9es personnelles<\/li><li>Finalit\u00e9 poursuivie par le traitement auquel les donn\u00e9es sont destin\u00e9es<\/li><li>Caract\u00e8re obligatoire ou facultatif des r\u00e9ponses et cons\u00e9quences \u00e9ventuelles \u00e0 l&rsquo;\u00e9gard de l&rsquo;internaute d&rsquo;un d\u00e9faut de r\u00e9ponse<\/li><li>Destinataires ou cat\u00e9gories de destinataires des donn\u00e9es<\/li><li>Droits d&rsquo;opposition, d&rsquo;interrogation, d&rsquo;acc\u00e8s et de rectification<\/li><li>Au besoin, les transferts de donn\u00e9es \u00e0 caract\u00e8re personnel envisag\u00e9s \u00e0 destination d&rsquo;un \u00c9tat n&rsquo;appartenant pas \u00e0 l&rsquo;Union europ\u00e9enne<\/li><li>Base juridique du traitement de donn\u00e9es (c&rsquo;est-\u00e0-dire ce qui autorise l\u00e9galement le traitement : il peut s&rsquo;agir du consentement des personnes concern\u00e9es, du respect d&rsquo;une obligation pr\u00e9vue par un texte, de l&rsquo;ex\u00e9cution d&rsquo;un contrat notamment)<\/li><li>Mention du droit d&rsquo;introduire une r\u00e9clamation (plainte) aupr\u00e8s de la&nbsp;Cnil<\/li><\/ul>\n","protected":false},"excerpt":{"rendered":"<p>Qui sommes-nous Notre site internet est www.maisonjehan.com D\u00e9nomination sociale ou raison sociale : MAISON JEHAN MAISON JEHAN, Soci\u00e9t\u00e9 par action&hellip;<\/p>\n","protected":false},"author":1,"featured_media":0,"parent":0,"menu_order":0,"comment_status":"closed","ping_status":"open","template":"","meta":{"footnotes":""},"class_list":["post-3","page","type-page","status-publish","hentry"],"yoast_head":"<!-- This site is optimized with the Yoast SEO plugin v27.4 - https:\/\/yoast.com\/product\/yoast-seo-wordpress\/ -->\n<title>Mentions l\u00e9gales -<\/title>\n<meta name=\"robots\" content=\"index, follow, max-snippet:-1, max-image-preview:large, max-video-preview:-1\" \/>\n<link rel=\"canonical\" href=\"https:\/\/maisonjehan.com\/index.php\/privacy-policy\/\" \/>\n<meta property=\"og:locale\" content=\"fr_FR\" \/>\n<meta property=\"og:type\" content=\"article\" \/>\n<meta property=\"og:title\" content=\"Mentions l\u00e9gales -\" \/>\n<meta property=\"og:description\" content=\"Qui sommes-nous Notre site internet est www.maisonjehan.com D\u00e9nomination sociale ou raison sociale : MAISON JEHAN MAISON JEHAN, Soci\u00e9t\u00e9 par action&hellip;\" \/>\n<meta property=\"og:url\" content=\"https:\/\/maisonjehan.com\/index.php\/privacy-policy\/\" \/>\n<meta property=\"article:publisher\" content=\"https:\/\/www.facebook.com\/maisonjehanmichel\" \/>\n<meta property=\"article:modified_time\" content=\"2021-02-21T20:51:33+00:00\" \/>\n<meta property=\"og:image\" content=\"https:\/\/maisonjehan.com\/wp-content\/uploads\/2021\/02\/Logo_Maison_Jehan.png\" \/>\n\t<meta property=\"og:image:width\" content=\"699\" \/>\n\t<meta property=\"og:image:height\" content=\"695\" \/>\n\t<meta property=\"og:image:type\" content=\"image\/png\" \/>\n<meta name=\"twitter:card\" content=\"summary_large_image\" \/>\n<meta name=\"twitter:label1\" content=\"Dur\u00e9e de lecture estim\u00e9e\" \/>\n\t<meta name=\"twitter:data1\" content=\"3 minutes\" \/>\n<script type=\"application\/ld+json\" class=\"yoast-schema-graph\">{\"@context\":\"https:\\\/\\\/schema.org\",\"@graph\":[{\"@type\":\"WebPage\",\"@id\":\"https:\\\/\\\/maisonjehan.com\\\/index.php\\\/privacy-policy\\\/\",\"url\":\"https:\\\/\\\/maisonjehan.com\\\/index.php\\\/privacy-policy\\\/\",\"name\":\"Mentions l\u00e9gales -\",\"isPartOf\":{\"@id\":\"https:\\\/\\\/maisonjehan.com\\\/#website\"},\"datePublished\":\"2020-11-28T23:05:17+00:00\",\"dateModified\":\"2021-02-21T20:51:33+00:00\",\"breadcrumb\":{\"@id\":\"https:\\\/\\\/maisonjehan.com\\\/index.php\\\/privacy-policy\\\/#breadcrumb\"},\"inLanguage\":\"fr-FR\",\"potentialAction\":[{\"@type\":\"ReadAction\",\"target\":[\"https:\\\/\\\/maisonjehan.com\\\/index.php\\\/privacy-policy\\\/\"]}]},{\"@type\":\"BreadcrumbList\",\"@id\":\"https:\\\/\\\/maisonjehan.com\\\/index.php\\\/privacy-policy\\\/#breadcrumb\",\"itemListElement\":[{\"@type\":\"ListItem\",\"position\":1,\"name\":\"Home\",\"item\":\"https:\\\/\\\/maisonjehan.com\\\/\"},{\"@type\":\"ListItem\",\"position\":2,\"name\":\"Mentions l\u00e9gales\"}]},{\"@type\":\"WebSite\",\"@id\":\"https:\\\/\\\/maisonjehan.com\\\/#website\",\"url\":\"https:\\\/\\\/maisonjehan.com\\\/\",\"name\":\"\",\"description\":\"Artisan - Cidriculteur\",\"potentialAction\":[{\"@type\":\"SearchAction\",\"target\":{\"@type\":\"EntryPoint\",\"urlTemplate\":\"https:\\\/\\\/maisonjehan.com\\\/?s={search_term_string}\"},\"query-input\":{\"@type\":\"PropertyValueSpecification\",\"valueRequired\":true,\"valueName\":\"search_term_string\"}}],\"inLanguage\":\"fr-FR\"}]}<\/script>\n<!-- \/ Yoast SEO plugin. -->","yoast_head_json":{"title":"Mentions l\u00e9gales -","robots":{"index":"index","follow":"follow","max-snippet":"max-snippet:-1","max-image-preview":"max-image-preview:large","max-video-preview":"max-video-preview:-1"},"canonical":"https:\/\/maisonjehan.com\/index.php\/privacy-policy\/","og_locale":"fr_FR","og_type":"article","og_title":"Mentions l\u00e9gales -","og_description":"Qui sommes-nous Notre site internet est www.maisonjehan.com D\u00e9nomination sociale ou raison sociale : MAISON JEHAN MAISON JEHAN, Soci\u00e9t\u00e9 par action&hellip;","og_url":"https:\/\/maisonjehan.com\/index.php\/privacy-policy\/","article_publisher":"https:\/\/www.facebook.com\/maisonjehanmichel","article_modified_time":"2021-02-21T20:51:33+00:00","og_image":[{"width":699,"height":695,"url":"https:\/\/maisonjehan.com\/wp-content\/uploads\/2021\/02\/Logo_Maison_Jehan.png","type":"image\/png"}],"twitter_card":"summary_large_image","twitter_misc":{"Dur\u00e9e de lecture estim\u00e9e":"3 minutes"},"schema":{"@context":"https:\/\/schema.org","@graph":[{"@type":"WebPage","@id":"https:\/\/maisonjehan.com\/index.php\/privacy-policy\/","url":"https:\/\/maisonjehan.com\/index.php\/privacy-policy\/","name":"Mentions l\u00e9gales -","isPartOf":{"@id":"https:\/\/maisonjehan.com\/#website"},"datePublished":"2020-11-28T23:05:17+00:00","dateModified":"2021-02-21T20:51:33+00:00","breadcrumb":{"@id":"https:\/\/maisonjehan.com\/index.php\/privacy-policy\/#breadcrumb"},"inLanguage":"fr-FR","potentialAction":[{"@type":"ReadAction","target":["https:\/\/maisonjehan.com\/index.php\/privacy-policy\/"]}]},{"@type":"BreadcrumbList","@id":"https:\/\/maisonjehan.com\/index.php\/privacy-policy\/#breadcrumb","itemListElement":[{"@type":"ListItem","position":1,"name":"Home","item":"https:\/\/maisonjehan.com\/"},{"@type":"ListItem","position":2,"name":"Mentions l\u00e9gales"}]},{"@type":"WebSite","@id":"https:\/\/maisonjehan.com\/#website","url":"https:\/\/maisonjehan.com\/","name":"","description":"Artisan - Cidriculteur","potentialAction":[{"@type":"SearchAction","target":{"@type":"EntryPoint","urlTemplate":"https:\/\/maisonjehan.com\/?s={search_term_string}"},"query-input":{"@type":"PropertyValueSpecification","valueRequired":true,"valueName":"search_term_string"}}],"inLanguage":"fr-FR"}]}},"jetpack_sharing_enabled":true,"_links":{"self":[{"href":"https:\/\/maisonjehan.com\/index.php\/wp-json\/wp\/v2\/pages\/3","targetHints":{"allow":["GET"]}}],"collection":[{"href":"https:\/\/maisonjehan.com\/index.php\/wp-json\/wp\/v2\/pages"}],"about":[{"href":"https:\/\/maisonjehan.com\/index.php\/wp-json\/wp\/v2\/types\/page"}],"author":[{"embeddable":true,"href":"https:\/\/maisonjehan.com\/index.php\/wp-json\/wp\/v2\/users\/1"}],"replies":[{"embeddable":true,"href":"https:\/\/maisonjehan.com\/index.php\/wp-json\/wp\/v2\/comments?post=3"}],"version-history":[{"count":17,"href":"https:\/\/maisonjehan.com\/index.php\/wp-json\/wp\/v2\/pages\/3\/revisions"}],"predecessor-version":[{"id":708,"href":"https:\/\/maisonjehan.com\/index.php\/wp-json\/wp\/v2\/pages\/3\/revisions\/708"}],"wp:attachment":[{"href":"https:\/\/maisonjehan.com\/index.php\/wp-json\/wp\/v2\/media?parent=3"}],"curies":[{"name":"wp","href":"https:\/\/api.w.org\/{rel}","templated":true}]}}