{"id":258,"date":"2021-01-05T21:32:34","date_gmt":"2021-01-05T21:32:34","guid":{"rendered":"https:\/\/maisonjehan.com\/?post_type=product&#038;p=258"},"modified":"2024-12-21T16:42:34","modified_gmt":"2024-12-21T16:42:34","slug":"calvados-hors-dage-10-ans-70cl","status":"publish","type":"product","link":"https:\/\/maisonjehan.com\/index.php\/product\/calvados-hors-dage-10-ans-70cl\/","title":{"rendered":"Calvados Hors d&rsquo;\u00c2ge (10 ans) 70cl"},"content":{"rendered":"<p>Calvados Hors d&rsquo;\u00c2ge vieilli en f\u00fbt de ch\u00eane<\/p>\n","protected":false},"excerpt":{"rendered":"<p>Calvados Hors d&rsquo;\u00c2ge vieilli en f\u00fbt de ch\u00eane<\/p>\n","protected":false},"featured_media":67,"template":"","meta":[],"product_brand":[],"product_cat":[19],"product_tag":[],"class_list":{"0":"post-258","1":"product","2":"type-product","3":"status-publish","4":"has-post-thumbnail","6":"product_cat-calvados","8":"first","9":"instock","10":"purchasable","11":"product-type-simple"},"yoast_head":"<!-- This site is optimized with the Yoast SEO plugin v27.5 - https:\/\/yoast.com\/product\/yoast-seo-wordpress\/ -->\n<title>Calvados Hors d&#039;\u00c2ge (10 ans) 70cl -<\/title>\n<meta name=\"description\" content=\"Calvados Hors d&#039;\u00c2ge vieilli en f\u00fbt de ch\u00eane\" \/>\n<meta name=\"robots\" content=\"index, follow, max-snippet:-1, max-image-preview:large, max-video-preview:-1\" \/>\n<link rel=\"canonical\" href=\"https:\/\/maisonjehan.com\/index.php\/product\/calvados-hors-dage-10-ans-70cl\/\" \/>\n<meta property=\"og:locale\" content=\"fr_FR\" \/>\n<meta property=\"og:type\" content=\"article\" \/>\n<meta property=\"og:title\" content=\"Calvados Hors d&#039;\u00c2ge (10 ans) 70cl -\" \/>\n<meta property=\"og:description\" content=\"Calvados Hors d&#039;\u00c2ge vieilli en f\u00fbt de ch\u00eane\" \/>\n<meta property=\"og:url\" content=\"https:\/\/maisonjehan.com\/index.php\/product\/calvados-hors-dage-10-ans-70cl\/\" \/>\n<meta property=\"article:publisher\" content=\"https:\/\/www.facebook.com\/maisonjehanmichel\" \/>\n<meta property=\"article:modified_time\" content=\"2024-12-21T16:42:34+00:00\" \/>\n<meta property=\"og:image\" content=\"https:\/\/maisonjehan.com\/wp-content\/uploads\/2021\/01\/Calvados-Hors-dAge-10-ans-70cl-36.50E-scaled.jpg\" \/>\n\t<meta property=\"og:image:width\" content=\"1673\" \/>\n\t<meta property=\"og:image:height\" content=\"2560\" \/>\n\t<meta property=\"og:image:type\" content=\"image\/jpeg\" \/>\n<meta name=\"twitter:card\" content=\"summary_large_image\" \/>\n<script type=\"application\/ld+json\" class=\"yoast-schema-graph\">{\"@context\":\"https:\\\/\\\/schema.org\",\"@graph\":[{\"@type\":\"WebPage\",\"@id\":\"https:\\\/\\\/maisonjehan.com\\\/index.php\\\/product\\\/calvados-hors-dage-10-ans-70cl\\\/\",\"url\":\"https:\\\/\\\/maisonjehan.com\\\/index.php\\\/product\\\/calvados-hors-dage-10-ans-70cl\\\/\",\"name\":\"Calvados Hors d'\u00c2ge (10 ans) 70cl -\",\"isPartOf\":{\"@id\":\"https:\\\/\\\/maisonjehan.com\\\/#website\"},\"primaryImageOfPage\":{\"@id\":\"https:\\\/\\\/maisonjehan.com\\\/index.php\\\/product\\\/calvados-hors-dage-10-ans-70cl\\\/#primaryimage\"},\"image\":{\"@id\":\"https:\\\/\\\/maisonjehan.com\\\/index.php\\\/product\\\/calvados-hors-dage-10-ans-70cl\\\/#primaryimage\"},\"thumbnailUrl\":\"https:\\\/\\\/maisonjehan.com\\\/wp-content\\\/uploads\\\/2021\\\/01\\\/Calvados-Hors-dAge-10-ans-70cl-36.50E-scaled.jpg\",\"datePublished\":\"2021-01-05T21:32:34+00:00\",\"dateModified\":\"2024-12-21T16:42:34+00:00\",\"description\":\"Calvados Hors d'\u00c2ge vieilli en f\u00fbt de ch\u00eane\",\"breadcrumb\":{\"@id\":\"https:\\\/\\\/maisonjehan.com\\\/index.php\\\/product\\\/calvados-hors-dage-10-ans-70cl\\\/#breadcrumb\"},\"inLanguage\":\"fr-FR\",\"potentialAction\":[{\"@type\":\"ReadAction\",\"target\":[\"https:\\\/\\\/maisonjehan.com\\\/index.php\\\/product\\\/calvados-hors-dage-10-ans-70cl\\\/\"]}]},{\"@type\":\"ImageObject\",\"inLanguage\":\"fr-FR\",\"@id\":\"https:\\\/\\\/maisonjehan.com\\\/index.php\\\/product\\\/calvados-hors-dage-10-ans-70cl\\\/#primaryimage\",\"url\":\"https:\\\/\\\/maisonjehan.com\\\/wp-content\\\/uploads\\\/2021\\\/01\\\/Calvados-Hors-dAge-10-ans-70cl-36.50E-scaled.jpg\",\"contentUrl\":\"https:\\\/\\\/maisonjehan.com\\\/wp-content\\\/uploads\\\/2021\\\/01\\\/Calvados-Hors-dAge-10-ans-70cl-36.50E-scaled.jpg\",\"width\":1673,\"height\":2560},{\"@type\":\"BreadcrumbList\",\"@id\":\"https:\\\/\\\/maisonjehan.com\\\/index.php\\\/product\\\/calvados-hors-dage-10-ans-70cl\\\/#breadcrumb\",\"itemListElement\":[{\"@type\":\"ListItem\",\"position\":1,\"name\":\"Home\",\"item\":\"https:\\\/\\\/maisonjehan.com\\\/\"},{\"@type\":\"ListItem\",\"position\":2,\"name\":\"Boutique en ligne\",\"item\":\"https:\\\/\\\/maisonjehan.com\\\/index.php\\\/shop-2\\\/\"},{\"@type\":\"ListItem\",\"position\":3,\"name\":\"Calvados Hors d&rsquo;\u00c2ge (10 ans) 70cl\"}]},{\"@type\":\"WebSite\",\"@id\":\"https:\\\/\\\/maisonjehan.com\\\/#website\",\"url\":\"https:\\\/\\\/maisonjehan.com\\\/\",\"name\":\"\",\"description\":\"Artisan - Cidriculteur\",\"potentialAction\":[{\"@type\":\"SearchAction\",\"target\":{\"@type\":\"EntryPoint\",\"urlTemplate\":\"https:\\\/\\\/maisonjehan.com\\\/?s={search_term_string}\"},\"query-input\":{\"@type\":\"PropertyValueSpecification\",\"valueRequired\":true,\"valueName\":\"search_term_string\"}}],\"inLanguage\":\"fr-FR\"}]}<\/script>\n<!-- \/ Yoast SEO plugin. -->","yoast_head_json":{"title":"Calvados Hors d'\u00c2ge (10 ans) 70cl -","description":"Calvados Hors d'\u00c2ge vieilli en f\u00fbt de ch\u00eane","robots":{"index":"index","follow":"follow","max-snippet":"max-snippet:-1","max-image-preview":"max-image-preview:large","max-video-preview":"max-video-preview:-1"},"canonical":"https:\/\/maisonjehan.com\/index.php\/product\/calvados-hors-dage-10-ans-70cl\/","og_locale":"fr_FR","og_type":"article","og_title":"Calvados Hors d'\u00c2ge (10 ans) 70cl -","og_description":"Calvados Hors d'\u00c2ge vieilli en f\u00fbt de ch\u00eane","og_url":"https:\/\/maisonjehan.com\/index.php\/product\/calvados-hors-dage-10-ans-70cl\/","article_publisher":"https:\/\/www.facebook.com\/maisonjehanmichel","article_modified_time":"2024-12-21T16:42:34+00:00","og_image":[{"width":1673,"height":2560,"url":"https:\/\/maisonjehan.com\/wp-content\/uploads\/2021\/01\/Calvados-Hors-dAge-10-ans-70cl-36.50E-scaled.jpg","type":"image\/jpeg"}],"twitter_card":"summary_large_image","schema":{"@context":"https:\/\/schema.org","@graph":[{"@type":"WebPage","@id":"https:\/\/maisonjehan.com\/index.php\/product\/calvados-hors-dage-10-ans-70cl\/","url":"https:\/\/maisonjehan.com\/index.php\/product\/calvados-hors-dage-10-ans-70cl\/","name":"Calvados Hors d'\u00c2ge (10 ans) 70cl -","isPartOf":{"@id":"https:\/\/maisonjehan.com\/#website"},"primaryImageOfPage":{"@id":"https:\/\/maisonjehan.com\/index.php\/product\/calvados-hors-dage-10-ans-70cl\/#primaryimage"},"image":{"@id":"https:\/\/maisonjehan.com\/index.php\/product\/calvados-hors-dage-10-ans-70cl\/#primaryimage"},"thumbnailUrl":"https:\/\/maisonjehan.com\/wp-content\/uploads\/2021\/01\/Calvados-Hors-dAge-10-ans-70cl-36.50E-scaled.jpg","datePublished":"2021-01-05T21:32:34+00:00","dateModified":"2024-12-21T16:42:34+00:00","description":"Calvados Hors d'\u00c2ge vieilli en f\u00fbt de ch\u00eane","breadcrumb":{"@id":"https:\/\/maisonjehan.com\/index.php\/product\/calvados-hors-dage-10-ans-70cl\/#breadcrumb"},"inLanguage":"fr-FR","potentialAction":[{"@type":"ReadAction","target":["https:\/\/maisonjehan.com\/index.php\/product\/calvados-hors-dage-10-ans-70cl\/"]}]},{"@type":"ImageObject","inLanguage":"fr-FR","@id":"https:\/\/maisonjehan.com\/index.php\/product\/calvados-hors-dage-10-ans-70cl\/#primaryimage","url":"https:\/\/maisonjehan.com\/wp-content\/uploads\/2021\/01\/Calvados-Hors-dAge-10-ans-70cl-36.50E-scaled.jpg","contentUrl":"https:\/\/maisonjehan.com\/wp-content\/uploads\/2021\/01\/Calvados-Hors-dAge-10-ans-70cl-36.50E-scaled.jpg","width":1673,"height":2560},{"@type":"BreadcrumbList","@id":"https:\/\/maisonjehan.com\/index.php\/product\/calvados-hors-dage-10-ans-70cl\/#breadcrumb","itemListElement":[{"@type":"ListItem","position":1,"name":"Home","item":"https:\/\/maisonjehan.com\/"},{"@type":"ListItem","position":2,"name":"Boutique en ligne","item":"https:\/\/maisonjehan.com\/index.php\/shop-2\/"},{"@type":"ListItem","position":3,"name":"Calvados Hors d&rsquo;\u00c2ge (10 ans) 70cl"}]},{"@type":"WebSite","@id":"https:\/\/maisonjehan.com\/#website","url":"https:\/\/maisonjehan.com\/","name":"","description":"Artisan - Cidriculteur","potentialAction":[{"@type":"SearchAction","target":{"@type":"EntryPoint","urlTemplate":"https:\/\/maisonjehan.com\/?s={search_term_string}"},"query-input":{"@type":"PropertyValueSpecification","valueRequired":true,"valueName":"search_term_string"}}],"inLanguage":"fr-FR"}]}},"jetpack_sharing_enabled":true,"_links":{"self":[{"href":"https:\/\/maisonjehan.com\/index.php\/wp-json\/wp\/v2\/product\/258","targetHints":{"allow":["GET"]}}],"collection":[{"href":"https:\/\/maisonjehan.com\/index.php\/wp-json\/wp\/v2\/product"}],"about":[{"href":"https:\/\/maisonjehan.com\/index.php\/wp-json\/wp\/v2\/types\/product"}],"wp:featuredmedia":[{"embeddable":true,"href":"https:\/\/maisonjehan.com\/index.php\/wp-json\/wp\/v2\/media\/67"}],"wp:attachment":[{"href":"https:\/\/maisonjehan.com\/index.php\/wp-json\/wp\/v2\/media?parent=258"}],"wp:term":[{"taxonomy":"product_brand","embeddable":true,"href":"https:\/\/maisonjehan.com\/index.php\/wp-json\/wp\/v2\/product_brand?post=258"},{"taxonomy":"product_cat","embeddable":true,"href":"https:\/\/maisonjehan.com\/index.php\/wp-json\/wp\/v2\/product_cat?post=258"},{"taxonomy":"product_tag","embeddable":true,"href":"https:\/\/maisonjehan.com\/index.php\/wp-json\/wp\/v2\/product_tag?post=258"}],"curies":[{"name":"wp","href":"https:\/\/api.w.org\/{rel}","templated":true}]}}