{"id":541,"date":"2021-01-06T21:09:39","date_gmt":"2021-01-06T21:09:39","guid":{"rendered":"https:\/\/maisonjehan.com\/?post_type=product&#038;p=541"},"modified":"2024-12-21T16:22:44","modified_gmt":"2024-12-21T16:22:44","slug":"pommeau-de-normandie-70cl-pack","status":"publish","type":"product","link":"https:\/\/maisonjehan.com\/index.php\/product\/pommeau-de-normandie-70cl-pack\/","title":{"rendered":"Pommeau de Normandie 70cl 3 bouteilles"},"content":{"rendered":"<p><strong>Pommeau de Normandie 70cl<\/strong><\/p>\n<p>Mutage de Calvados et de mo\u00fbt de Pomme.<\/p>\n<p>Vieilli 5 ans en f\u00fbt de ch\u00eane.<\/p>\n<h4><\/h4>\n<h4><span style=\"color: #008080;\">La fabrication du pommeau<\/span><\/h4>\n<p>Le pommeau s\u2019obtient en m\u00e9langeant trois quarts de mo\u00fbt de pommes, c\u2019est-\u00e0-dire du jus de pomme\u00a0 non ferment\u00e9, avec un quart de calvados. Cette op\u00e9ration se nomme le mutage. Elle consiste \u00e0 emp\u00eacher la fermentation alcoolique d\u2019un mo\u00fbt en y ajoutant de l\u2019eau-de-vie.<\/p>\n","protected":false},"excerpt":{"rendered":"<p><strong>Pommeau de Normandie 70cl<\/strong><\/p>\n<p>Vieilli 5 ans en f\u00fbt de ch\u00eane<\/p>\n","protected":false},"featured_media":539,"template":"","meta":[],"product_brand":[],"product_cat":[18],"product_tag":[],"class_list":{"0":"post-541","1":"product","2":"type-product","3":"status-publish","4":"has-post-thumbnail","6":"product_cat-aperitifs","8":"first","9":"instock","10":"purchasable","11":"product-type-simple"},"yoast_head":"<!-- This site is optimized with the Yoast SEO plugin v27.4 - https:\/\/yoast.com\/product\/yoast-seo-wordpress\/ -->\n<title>Pommeau de Normandie 70cl 3 bouteilles -<\/title>\n<meta name=\"description\" content=\"Pommeau de Normandie 70cl Vieilli 5 ans en f\u00fbt de ch\u00eane\" \/>\n<meta name=\"robots\" content=\"index, follow, max-snippet:-1, max-image-preview:large, max-video-preview:-1\" \/>\n<link rel=\"canonical\" href=\"https:\/\/maisonjehan.com\/index.php\/product\/pommeau-de-normandie-70cl-pack\/\" \/>\n<meta property=\"og:locale\" content=\"fr_FR\" \/>\n<meta property=\"og:type\" content=\"article\" \/>\n<meta property=\"og:title\" content=\"Pommeau de Normandie 70cl 3 bouteilles -\" \/>\n<meta property=\"og:description\" content=\"Pommeau de Normandie 70cl Vieilli 5 ans en f\u00fbt de ch\u00eane\" \/>\n<meta property=\"og:url\" content=\"https:\/\/maisonjehan.com\/index.php\/product\/pommeau-de-normandie-70cl-pack\/\" \/>\n<meta property=\"article:publisher\" content=\"https:\/\/www.facebook.com\/maisonjehanmichel\" \/>\n<meta property=\"article:modified_time\" content=\"2024-12-21T16:22:44+00:00\" \/>\n<meta property=\"og:image\" content=\"https:\/\/maisonjehan.com\/wp-content\/uploads\/2021\/01\/Pommeau-de-Normandie-vieillit-5-ans-en-fut-de-chene-70-cl-PACK-3-bouteilles-daperitif-36.00E-scaled.jpg\" \/>\n\t<meta property=\"og:image:width\" content=\"1606\" \/>\n\t<meta property=\"og:image:height\" content=\"2560\" \/>\n\t<meta property=\"og:image:type\" content=\"image\/jpeg\" \/>\n<meta name=\"twitter:card\" content=\"summary_large_image\" \/>\n<script type=\"application\/ld+json\" class=\"yoast-schema-graph\">{\"@context\":\"https:\\\/\\\/schema.org\",\"@graph\":[{\"@type\":\"WebPage\",\"@id\":\"https:\\\/\\\/maisonjehan.com\\\/index.php\\\/product\\\/pommeau-de-normandie-70cl-pack\\\/\",\"url\":\"https:\\\/\\\/maisonjehan.com\\\/index.php\\\/product\\\/pommeau-de-normandie-70cl-pack\\\/\",\"name\":\"Pommeau de Normandie 70cl 3 bouteilles -\",\"isPartOf\":{\"@id\":\"https:\\\/\\\/maisonjehan.com\\\/#website\"},\"primaryImageOfPage\":{\"@id\":\"https:\\\/\\\/maisonjehan.com\\\/index.php\\\/product\\\/pommeau-de-normandie-70cl-pack\\\/#primaryimage\"},\"image\":{\"@id\":\"https:\\\/\\\/maisonjehan.com\\\/index.php\\\/product\\\/pommeau-de-normandie-70cl-pack\\\/#primaryimage\"},\"thumbnailUrl\":\"https:\\\/\\\/maisonjehan.com\\\/wp-content\\\/uploads\\\/2021\\\/01\\\/Pommeau-de-Normandie-vieillit-5-ans-en-fut-de-chene-70-cl-PACK-3-bouteilles-daperitif-36.00E-scaled.jpg\",\"datePublished\":\"2021-01-06T21:09:39+00:00\",\"dateModified\":\"2024-12-21T16:22:44+00:00\",\"description\":\"Pommeau de Normandie 70cl Vieilli 5 ans en f\u00fbt de ch\u00eane\",\"breadcrumb\":{\"@id\":\"https:\\\/\\\/maisonjehan.com\\\/index.php\\\/product\\\/pommeau-de-normandie-70cl-pack\\\/#breadcrumb\"},\"inLanguage\":\"fr-FR\",\"potentialAction\":[{\"@type\":\"ReadAction\",\"target\":[\"https:\\\/\\\/maisonjehan.com\\\/index.php\\\/product\\\/pommeau-de-normandie-70cl-pack\\\/\"]}]},{\"@type\":\"ImageObject\",\"inLanguage\":\"fr-FR\",\"@id\":\"https:\\\/\\\/maisonjehan.com\\\/index.php\\\/product\\\/pommeau-de-normandie-70cl-pack\\\/#primaryimage\",\"url\":\"https:\\\/\\\/maisonjehan.com\\\/wp-content\\\/uploads\\\/2021\\\/01\\\/Pommeau-de-Normandie-vieillit-5-ans-en-fut-de-chene-70-cl-PACK-3-bouteilles-daperitif-36.00E-scaled.jpg\",\"contentUrl\":\"https:\\\/\\\/maisonjehan.com\\\/wp-content\\\/uploads\\\/2021\\\/01\\\/Pommeau-de-Normandie-vieillit-5-ans-en-fut-de-chene-70-cl-PACK-3-bouteilles-daperitif-36.00E-scaled.jpg\",\"width\":1606,\"height\":2560},{\"@type\":\"BreadcrumbList\",\"@id\":\"https:\\\/\\\/maisonjehan.com\\\/index.php\\\/product\\\/pommeau-de-normandie-70cl-pack\\\/#breadcrumb\",\"itemListElement\":[{\"@type\":\"ListItem\",\"position\":1,\"name\":\"Home\",\"item\":\"https:\\\/\\\/maisonjehan.com\\\/\"},{\"@type\":\"ListItem\",\"position\":2,\"name\":\"Boutique en ligne\",\"item\":\"https:\\\/\\\/maisonjehan.com\\\/index.php\\\/shop-2\\\/\"},{\"@type\":\"ListItem\",\"position\":3,\"name\":\"Pommeau de Normandie 70cl 3 bouteilles\"}]},{\"@type\":\"WebSite\",\"@id\":\"https:\\\/\\\/maisonjehan.com\\\/#website\",\"url\":\"https:\\\/\\\/maisonjehan.com\\\/\",\"name\":\"\",\"description\":\"Artisan - Cidriculteur\",\"potentialAction\":[{\"@type\":\"SearchAction\",\"target\":{\"@type\":\"EntryPoint\",\"urlTemplate\":\"https:\\\/\\\/maisonjehan.com\\\/?s={search_term_string}\"},\"query-input\":{\"@type\":\"PropertyValueSpecification\",\"valueRequired\":true,\"valueName\":\"search_term_string\"}}],\"inLanguage\":\"fr-FR\"}]}<\/script>\n<!-- \/ Yoast SEO plugin. -->","yoast_head_json":{"title":"Pommeau de Normandie 70cl 3 bouteilles -","description":"Pommeau de Normandie 70cl Vieilli 5 ans en f\u00fbt de ch\u00eane","robots":{"index":"index","follow":"follow","max-snippet":"max-snippet:-1","max-image-preview":"max-image-preview:large","max-video-preview":"max-video-preview:-1"},"canonical":"https:\/\/maisonjehan.com\/index.php\/product\/pommeau-de-normandie-70cl-pack\/","og_locale":"fr_FR","og_type":"article","og_title":"Pommeau de Normandie 70cl 3 bouteilles -","og_description":"Pommeau de Normandie 70cl Vieilli 5 ans en f\u00fbt de ch\u00eane","og_url":"https:\/\/maisonjehan.com\/index.php\/product\/pommeau-de-normandie-70cl-pack\/","article_publisher":"https:\/\/www.facebook.com\/maisonjehanmichel","article_modified_time":"2024-12-21T16:22:44+00:00","og_image":[{"width":1606,"height":2560,"url":"https:\/\/maisonjehan.com\/wp-content\/uploads\/2021\/01\/Pommeau-de-Normandie-vieillit-5-ans-en-fut-de-chene-70-cl-PACK-3-bouteilles-daperitif-36.00E-scaled.jpg","type":"image\/jpeg"}],"twitter_card":"summary_large_image","schema":{"@context":"https:\/\/schema.org","@graph":[{"@type":"WebPage","@id":"https:\/\/maisonjehan.com\/index.php\/product\/pommeau-de-normandie-70cl-pack\/","url":"https:\/\/maisonjehan.com\/index.php\/product\/pommeau-de-normandie-70cl-pack\/","name":"Pommeau de Normandie 70cl 3 bouteilles -","isPartOf":{"@id":"https:\/\/maisonjehan.com\/#website"},"primaryImageOfPage":{"@id":"https:\/\/maisonjehan.com\/index.php\/product\/pommeau-de-normandie-70cl-pack\/#primaryimage"},"image":{"@id":"https:\/\/maisonjehan.com\/index.php\/product\/pommeau-de-normandie-70cl-pack\/#primaryimage"},"thumbnailUrl":"https:\/\/maisonjehan.com\/wp-content\/uploads\/2021\/01\/Pommeau-de-Normandie-vieillit-5-ans-en-fut-de-chene-70-cl-PACK-3-bouteilles-daperitif-36.00E-scaled.jpg","datePublished":"2021-01-06T21:09:39+00:00","dateModified":"2024-12-21T16:22:44+00:00","description":"Pommeau de Normandie 70cl Vieilli 5 ans en f\u00fbt de ch\u00eane","breadcrumb":{"@id":"https:\/\/maisonjehan.com\/index.php\/product\/pommeau-de-normandie-70cl-pack\/#breadcrumb"},"inLanguage":"fr-FR","potentialAction":[{"@type":"ReadAction","target":["https:\/\/maisonjehan.com\/index.php\/product\/pommeau-de-normandie-70cl-pack\/"]}]},{"@type":"ImageObject","inLanguage":"fr-FR","@id":"https:\/\/maisonjehan.com\/index.php\/product\/pommeau-de-normandie-70cl-pack\/#primaryimage","url":"https:\/\/maisonjehan.com\/wp-content\/uploads\/2021\/01\/Pommeau-de-Normandie-vieillit-5-ans-en-fut-de-chene-70-cl-PACK-3-bouteilles-daperitif-36.00E-scaled.jpg","contentUrl":"https:\/\/maisonjehan.com\/wp-content\/uploads\/2021\/01\/Pommeau-de-Normandie-vieillit-5-ans-en-fut-de-chene-70-cl-PACK-3-bouteilles-daperitif-36.00E-scaled.jpg","width":1606,"height":2560},{"@type":"BreadcrumbList","@id":"https:\/\/maisonjehan.com\/index.php\/product\/pommeau-de-normandie-70cl-pack\/#breadcrumb","itemListElement":[{"@type":"ListItem","position":1,"name":"Home","item":"https:\/\/maisonjehan.com\/"},{"@type":"ListItem","position":2,"name":"Boutique en ligne","item":"https:\/\/maisonjehan.com\/index.php\/shop-2\/"},{"@type":"ListItem","position":3,"name":"Pommeau de Normandie 70cl 3 bouteilles"}]},{"@type":"WebSite","@id":"https:\/\/maisonjehan.com\/#website","url":"https:\/\/maisonjehan.com\/","name":"","description":"Artisan - Cidriculteur","potentialAction":[{"@type":"SearchAction","target":{"@type":"EntryPoint","urlTemplate":"https:\/\/maisonjehan.com\/?s={search_term_string}"},"query-input":{"@type":"PropertyValueSpecification","valueRequired":true,"valueName":"search_term_string"}}],"inLanguage":"fr-FR"}]}},"jetpack_sharing_enabled":true,"_links":{"self":[{"href":"https:\/\/maisonjehan.com\/index.php\/wp-json\/wp\/v2\/product\/541","targetHints":{"allow":["GET"]}}],"collection":[{"href":"https:\/\/maisonjehan.com\/index.php\/wp-json\/wp\/v2\/product"}],"about":[{"href":"https:\/\/maisonjehan.com\/index.php\/wp-json\/wp\/v2\/types\/product"}],"wp:featuredmedia":[{"embeddable":true,"href":"https:\/\/maisonjehan.com\/index.php\/wp-json\/wp\/v2\/media\/539"}],"wp:attachment":[{"href":"https:\/\/maisonjehan.com\/index.php\/wp-json\/wp\/v2\/media?parent=541"}],"wp:term":[{"taxonomy":"product_brand","embeddable":true,"href":"https:\/\/maisonjehan.com\/index.php\/wp-json\/wp\/v2\/product_brand?post=541"},{"taxonomy":"product_cat","embeddable":true,"href":"https:\/\/maisonjehan.com\/index.php\/wp-json\/wp\/v2\/product_cat?post=541"},{"taxonomy":"product_tag","embeddable":true,"href":"https:\/\/maisonjehan.com\/index.php\/wp-json\/wp\/v2\/product_tag?post=541"}],"curies":[{"name":"wp","href":"https:\/\/api.w.org\/{rel}","templated":true}]}}