{"id":542,"date":"2021-01-06T21:12:00","date_gmt":"2021-01-06T21:12:00","guid":{"rendered":"https:\/\/maisonjehan.com\/?post_type=product&#038;p=542"},"modified":"2024-12-21T16:22:29","modified_gmt":"2024-12-21T16:22:29","slug":"condiment-a-base-de-poire-50cl-pack","status":"publish","type":"product","link":"https:\/\/maisonjehan.com\/index.php\/product\/condiment-a-base-de-poire-50cl-pack\/","title":{"rendered":"Condiment \u00e0 base de Poir\u00e9 50cl 3 bouteilles"},"content":{"rendered":"<p><strong>Condiment \u00e0 base de Poir\u00e9 de Normandie, 50cl<\/strong><\/p>\n<p>On appelle condiment, ce vinaigre de 10 ans qui, au fil des ann\u00e9es, a perdu de son acidit\u00e9 pour arriver \u00e0 moins de 5%.<\/p>\n","protected":false},"excerpt":{"rendered":"<p>Condiment \u00e0 base de Poir\u00e9 de Normandie, 50cl<\/p>\n","protected":false},"featured_media":536,"template":"","meta":[],"product_brand":[],"product_cat":[35],"product_tag":[],"class_list":{"0":"post-542","1":"product","2":"type-product","3":"status-publish","4":"has-post-thumbnail","6":"product_cat-condiments","8":"first","9":"instock","10":"purchasable","11":"product-type-simple"},"yoast_head":"<!-- This site is optimized with the Yoast SEO plugin v27.5 - https:\/\/yoast.com\/product\/yoast-seo-wordpress\/ -->\n<title>Condiment \u00e0 base de Poir\u00e9 50cl 3 bouteilles -<\/title>\n<meta name=\"description\" content=\"Condiment \u00e0 base de Poir\u00e9 de Normandie, 50cl\" \/>\n<meta name=\"robots\" content=\"index, follow, max-snippet:-1, max-image-preview:large, max-video-preview:-1\" \/>\n<link rel=\"canonical\" href=\"https:\/\/maisonjehan.com\/index.php\/product\/condiment-a-base-de-poire-50cl-pack\/\" \/>\n<meta property=\"og:locale\" content=\"fr_FR\" \/>\n<meta property=\"og:type\" content=\"article\" \/>\n<meta property=\"og:title\" content=\"Condiment \u00e0 base de Poir\u00e9 50cl 3 bouteilles -\" \/>\n<meta property=\"og:description\" content=\"Condiment \u00e0 base de Poir\u00e9 de Normandie, 50cl\" \/>\n<meta property=\"og:url\" content=\"https:\/\/maisonjehan.com\/index.php\/product\/condiment-a-base-de-poire-50cl-pack\/\" \/>\n<meta property=\"article:publisher\" content=\"https:\/\/www.facebook.com\/maisonjehanmichel\" \/>\n<meta property=\"article:modified_time\" content=\"2024-12-21T16:22:29+00:00\" \/>\n<meta property=\"og:image\" content=\"https:\/\/maisonjehan.com\/wp-content\/uploads\/2021\/01\/Condiment-a-base-de-Poire-50-cl-PACK-3-bouteilles-de-condiment-12.00E-scaled.jpg\" \/>\n\t<meta property=\"og:image:width\" content=\"1738\" \/>\n\t<meta property=\"og:image:height\" content=\"2560\" \/>\n\t<meta property=\"og:image:type\" content=\"image\/jpeg\" \/>\n<meta name=\"twitter:card\" content=\"summary_large_image\" \/>\n<script type=\"application\/ld+json\" class=\"yoast-schema-graph\">{\"@context\":\"https:\\\/\\\/schema.org\",\"@graph\":[{\"@type\":\"WebPage\",\"@id\":\"https:\\\/\\\/maisonjehan.com\\\/index.php\\\/product\\\/condiment-a-base-de-poire-50cl-pack\\\/\",\"url\":\"https:\\\/\\\/maisonjehan.com\\\/index.php\\\/product\\\/condiment-a-base-de-poire-50cl-pack\\\/\",\"name\":\"Condiment \u00e0 base de Poir\u00e9 50cl 3 bouteilles -\",\"isPartOf\":{\"@id\":\"https:\\\/\\\/maisonjehan.com\\\/#website\"},\"primaryImageOfPage\":{\"@id\":\"https:\\\/\\\/maisonjehan.com\\\/index.php\\\/product\\\/condiment-a-base-de-poire-50cl-pack\\\/#primaryimage\"},\"image\":{\"@id\":\"https:\\\/\\\/maisonjehan.com\\\/index.php\\\/product\\\/condiment-a-base-de-poire-50cl-pack\\\/#primaryimage\"},\"thumbnailUrl\":\"https:\\\/\\\/maisonjehan.com\\\/wp-content\\\/uploads\\\/2021\\\/01\\\/Condiment-a-base-de-Poire-50-cl-PACK-3-bouteilles-de-condiment-12.00E-scaled.jpg\",\"datePublished\":\"2021-01-06T21:12:00+00:00\",\"dateModified\":\"2024-12-21T16:22:29+00:00\",\"description\":\"Condiment \u00e0 base de Poir\u00e9 de Normandie, 50cl\",\"breadcrumb\":{\"@id\":\"https:\\\/\\\/maisonjehan.com\\\/index.php\\\/product\\\/condiment-a-base-de-poire-50cl-pack\\\/#breadcrumb\"},\"inLanguage\":\"fr-FR\",\"potentialAction\":[{\"@type\":\"ReadAction\",\"target\":[\"https:\\\/\\\/maisonjehan.com\\\/index.php\\\/product\\\/condiment-a-base-de-poire-50cl-pack\\\/\"]}]},{\"@type\":\"ImageObject\",\"inLanguage\":\"fr-FR\",\"@id\":\"https:\\\/\\\/maisonjehan.com\\\/index.php\\\/product\\\/condiment-a-base-de-poire-50cl-pack\\\/#primaryimage\",\"url\":\"https:\\\/\\\/maisonjehan.com\\\/wp-content\\\/uploads\\\/2021\\\/01\\\/Condiment-a-base-de-Poire-50-cl-PACK-3-bouteilles-de-condiment-12.00E-scaled.jpg\",\"contentUrl\":\"https:\\\/\\\/maisonjehan.com\\\/wp-content\\\/uploads\\\/2021\\\/01\\\/Condiment-a-base-de-Poire-50-cl-PACK-3-bouteilles-de-condiment-12.00E-scaled.jpg\",\"width\":1738,\"height\":2560},{\"@type\":\"BreadcrumbList\",\"@id\":\"https:\\\/\\\/maisonjehan.com\\\/index.php\\\/product\\\/condiment-a-base-de-poire-50cl-pack\\\/#breadcrumb\",\"itemListElement\":[{\"@type\":\"ListItem\",\"position\":1,\"name\":\"Home\",\"item\":\"https:\\\/\\\/maisonjehan.com\\\/\"},{\"@type\":\"ListItem\",\"position\":2,\"name\":\"Boutique en ligne\",\"item\":\"https:\\\/\\\/maisonjehan.com\\\/index.php\\\/shop-2\\\/\"},{\"@type\":\"ListItem\",\"position\":3,\"name\":\"Condiment \u00e0 base de Poir\u00e9 50cl 3 bouteilles\"}]},{\"@type\":\"WebSite\",\"@id\":\"https:\\\/\\\/maisonjehan.com\\\/#website\",\"url\":\"https:\\\/\\\/maisonjehan.com\\\/\",\"name\":\"\",\"description\":\"Artisan - Cidriculteur\",\"potentialAction\":[{\"@type\":\"SearchAction\",\"target\":{\"@type\":\"EntryPoint\",\"urlTemplate\":\"https:\\\/\\\/maisonjehan.com\\\/?s={search_term_string}\"},\"query-input\":{\"@type\":\"PropertyValueSpecification\",\"valueRequired\":true,\"valueName\":\"search_term_string\"}}],\"inLanguage\":\"fr-FR\"}]}<\/script>\n<!-- \/ Yoast SEO plugin. -->","yoast_head_json":{"title":"Condiment \u00e0 base de Poir\u00e9 50cl 3 bouteilles -","description":"Condiment \u00e0 base de Poir\u00e9 de Normandie, 50cl","robots":{"index":"index","follow":"follow","max-snippet":"max-snippet:-1","max-image-preview":"max-image-preview:large","max-video-preview":"max-video-preview:-1"},"canonical":"https:\/\/maisonjehan.com\/index.php\/product\/condiment-a-base-de-poire-50cl-pack\/","og_locale":"fr_FR","og_type":"article","og_title":"Condiment \u00e0 base de Poir\u00e9 50cl 3 bouteilles -","og_description":"Condiment \u00e0 base de Poir\u00e9 de Normandie, 50cl","og_url":"https:\/\/maisonjehan.com\/index.php\/product\/condiment-a-base-de-poire-50cl-pack\/","article_publisher":"https:\/\/www.facebook.com\/maisonjehanmichel","article_modified_time":"2024-12-21T16:22:29+00:00","og_image":[{"width":1738,"height":2560,"url":"https:\/\/maisonjehan.com\/wp-content\/uploads\/2021\/01\/Condiment-a-base-de-Poire-50-cl-PACK-3-bouteilles-de-condiment-12.00E-scaled.jpg","type":"image\/jpeg"}],"twitter_card":"summary_large_image","schema":{"@context":"https:\/\/schema.org","@graph":[{"@type":"WebPage","@id":"https:\/\/maisonjehan.com\/index.php\/product\/condiment-a-base-de-poire-50cl-pack\/","url":"https:\/\/maisonjehan.com\/index.php\/product\/condiment-a-base-de-poire-50cl-pack\/","name":"Condiment \u00e0 base de Poir\u00e9 50cl 3 bouteilles -","isPartOf":{"@id":"https:\/\/maisonjehan.com\/#website"},"primaryImageOfPage":{"@id":"https:\/\/maisonjehan.com\/index.php\/product\/condiment-a-base-de-poire-50cl-pack\/#primaryimage"},"image":{"@id":"https:\/\/maisonjehan.com\/index.php\/product\/condiment-a-base-de-poire-50cl-pack\/#primaryimage"},"thumbnailUrl":"https:\/\/maisonjehan.com\/wp-content\/uploads\/2021\/01\/Condiment-a-base-de-Poire-50-cl-PACK-3-bouteilles-de-condiment-12.00E-scaled.jpg","datePublished":"2021-01-06T21:12:00+00:00","dateModified":"2024-12-21T16:22:29+00:00","description":"Condiment \u00e0 base de Poir\u00e9 de Normandie, 50cl","breadcrumb":{"@id":"https:\/\/maisonjehan.com\/index.php\/product\/condiment-a-base-de-poire-50cl-pack\/#breadcrumb"},"inLanguage":"fr-FR","potentialAction":[{"@type":"ReadAction","target":["https:\/\/maisonjehan.com\/index.php\/product\/condiment-a-base-de-poire-50cl-pack\/"]}]},{"@type":"ImageObject","inLanguage":"fr-FR","@id":"https:\/\/maisonjehan.com\/index.php\/product\/condiment-a-base-de-poire-50cl-pack\/#primaryimage","url":"https:\/\/maisonjehan.com\/wp-content\/uploads\/2021\/01\/Condiment-a-base-de-Poire-50-cl-PACK-3-bouteilles-de-condiment-12.00E-scaled.jpg","contentUrl":"https:\/\/maisonjehan.com\/wp-content\/uploads\/2021\/01\/Condiment-a-base-de-Poire-50-cl-PACK-3-bouteilles-de-condiment-12.00E-scaled.jpg","width":1738,"height":2560},{"@type":"BreadcrumbList","@id":"https:\/\/maisonjehan.com\/index.php\/product\/condiment-a-base-de-poire-50cl-pack\/#breadcrumb","itemListElement":[{"@type":"ListItem","position":1,"name":"Home","item":"https:\/\/maisonjehan.com\/"},{"@type":"ListItem","position":2,"name":"Boutique en ligne","item":"https:\/\/maisonjehan.com\/index.php\/shop-2\/"},{"@type":"ListItem","position":3,"name":"Condiment \u00e0 base de Poir\u00e9 50cl 3 bouteilles"}]},{"@type":"WebSite","@id":"https:\/\/maisonjehan.com\/#website","url":"https:\/\/maisonjehan.com\/","name":"","description":"Artisan - Cidriculteur","potentialAction":[{"@type":"SearchAction","target":{"@type":"EntryPoint","urlTemplate":"https:\/\/maisonjehan.com\/?s={search_term_string}"},"query-input":{"@type":"PropertyValueSpecification","valueRequired":true,"valueName":"search_term_string"}}],"inLanguage":"fr-FR"}]}},"jetpack_sharing_enabled":true,"_links":{"self":[{"href":"https:\/\/maisonjehan.com\/index.php\/wp-json\/wp\/v2\/product\/542","targetHints":{"allow":["GET"]}}],"collection":[{"href":"https:\/\/maisonjehan.com\/index.php\/wp-json\/wp\/v2\/product"}],"about":[{"href":"https:\/\/maisonjehan.com\/index.php\/wp-json\/wp\/v2\/types\/product"}],"wp:featuredmedia":[{"embeddable":true,"href":"https:\/\/maisonjehan.com\/index.php\/wp-json\/wp\/v2\/media\/536"}],"wp:attachment":[{"href":"https:\/\/maisonjehan.com\/index.php\/wp-json\/wp\/v2\/media?parent=542"}],"wp:term":[{"taxonomy":"product_brand","embeddable":true,"href":"https:\/\/maisonjehan.com\/index.php\/wp-json\/wp\/v2\/product_brand?post=542"},{"taxonomy":"product_cat","embeddable":true,"href":"https:\/\/maisonjehan.com\/index.php\/wp-json\/wp\/v2\/product_cat?post=542"},{"taxonomy":"product_tag","embeddable":true,"href":"https:\/\/maisonjehan.com\/index.php\/wp-json\/wp\/v2\/product_tag?post=542"}],"curies":[{"name":"wp","href":"https:\/\/api.w.org\/{rel}","templated":true}]}}