{"id":843,"date":"2021-03-03T16:35:00","date_gmt":"2021-03-03T16:35:00","guid":{"rendered":"https:\/\/maisonjehan.com\/?post_type=product&#038;p=843"},"modified":"2024-12-21T16:17:10","modified_gmt":"2024-12-21T16:17:10","slug":"assortiment-3-aperitifs","status":"publish","type":"product","link":"https:\/\/maisonjehan.com\/index.php\/product\/assortiment-3-aperitifs\/","title":{"rendered":"Assortiment 3 Ap\u00e9ritifs 70cl: Poire + Pomme-Orange + Pommeau"},"content":{"rendered":"<h4><strong>Assortiment de 3 ap\u00e9ritifs de 70cl : Poire + Pomme-Orange + Pommeau<\/strong><\/h4>\n<hr \/>\n<p><strong>Ap\u00e9ritif Poire 70 cl<\/strong><\/p>\n<p><strong>Ap\u00e9ritif Pomme-Orange 70 cl <\/strong><\/p>\n<p>\u00e0 base de jus de pomme, de jus d&rsquo;orange et de Calvados<\/p>\n<p><strong>Pommeau de Normandie 70cl<\/strong><\/p>\n<p>Mutage de Calvados et de mo\u00fbt de Pomme. Vieilli 5 ans en f\u00fbt de ch\u00eane<\/p>\n","protected":false},"excerpt":{"rendered":"<hr \/>\n<p><strong>Ap\u00e9ritif Poire 70 cl<\/strong><\/p>\n<p><strong>Ap\u00e9ritif Pomme-Orange 70 cl <\/strong><\/p>\n<p>\u00e0 base de jus de pomme, de jus d&rsquo;orange et de Calvados<\/p>\n<p><strong>Pommeau de Normandie 70cl<\/strong><\/p>\n<p>Mutage de Calvados et de mo\u00fbt de Pomme. Vieilli 5 ans en f\u00fbt de ch\u00eane<\/p>\n","protected":false},"featured_media":845,"template":"","meta":[],"product_brand":[],"product_cat":[18],"product_tag":[],"class_list":{"0":"post-843","1":"product","2":"type-product","3":"status-publish","4":"has-post-thumbnail","6":"product_cat-aperitifs","8":"first","9":"instock","10":"purchasable","11":"product-type-simple"},"yoast_head":"<!-- This site is optimized with the Yoast SEO plugin v27.6 - https:\/\/yoast.com\/product\/yoast-seo-wordpress\/ -->\n<title>Assortiment 3 Ap\u00e9ritifs 70cl: Poire + Pomme-Orange + Pommeau -<\/title>\n<meta name=\"description\" content=\"Pack de 3 bouteilles d&#039;ap\u00e9ritifs 70cl : 1 x Pomme-Orange \u00e0 base de jus de pomme, de jus d&#039;orange et de Calvados + 1 x Pommeau + 1 x ap\u00e9ritif Poire\" \/>\n<meta name=\"robots\" content=\"index, follow, max-snippet:-1, max-image-preview:large, max-video-preview:-1\" \/>\n<link rel=\"canonical\" href=\"https:\/\/maisonjehan.com\/index.php\/product\/assortiment-3-aperitifs\/\" \/>\n<meta property=\"og:locale\" content=\"fr_FR\" \/>\n<meta property=\"og:type\" content=\"article\" \/>\n<meta property=\"og:title\" content=\"Assortiment 3 Ap\u00e9ritifs 70cl: Poire + Pomme-Orange + Pommeau -\" \/>\n<meta property=\"og:description\" content=\"Pack de 3 bouteilles d&#039;ap\u00e9ritifs 70cl : 1 x Pomme-Orange \u00e0 base de jus de pomme, de jus d&#039;orange et de Calvados + 1 x Pommeau + 1 x ap\u00e9ritif Poire\" \/>\n<meta property=\"og:url\" content=\"https:\/\/maisonjehan.com\/index.php\/product\/assortiment-3-aperitifs\/\" \/>\n<meta property=\"article:publisher\" content=\"https:\/\/www.facebook.com\/maisonjehanmichel\" \/>\n<meta property=\"article:modified_time\" content=\"2024-12-21T16:17:10+00:00\" \/>\n<meta property=\"og:image\" content=\"https:\/\/maisonjehan.com\/wp-content\/uploads\/2021\/03\/Aperitif-pack-mixte-Poire-Pommeau-Pomme-Orange-1.png\" \/>\n\t<meta property=\"og:image:width\" content=\"568\" \/>\n\t<meta property=\"og:image:height\" content=\"749\" \/>\n\t<meta property=\"og:image:type\" content=\"image\/png\" \/>\n<meta name=\"twitter:card\" content=\"summary_large_image\" \/>\n<meta name=\"twitter:label1\" content=\"Dur\u00e9e de lecture estim\u00e9e\" \/>\n\t<meta name=\"twitter:data1\" content=\"1 minute\" \/>\n<script type=\"application\/ld+json\" class=\"yoast-schema-graph\">{\"@context\":\"https:\\\/\\\/schema.org\",\"@graph\":[{\"@type\":\"WebPage\",\"@id\":\"https:\\\/\\\/maisonjehan.com\\\/index.php\\\/product\\\/assortiment-3-aperitifs\\\/\",\"url\":\"https:\\\/\\\/maisonjehan.com\\\/index.php\\\/product\\\/assortiment-3-aperitifs\\\/\",\"name\":\"Assortiment 3 Ap\u00e9ritifs 70cl: Poire + Pomme-Orange + Pommeau -\",\"isPartOf\":{\"@id\":\"https:\\\/\\\/maisonjehan.com\\\/#website\"},\"primaryImageOfPage\":{\"@id\":\"https:\\\/\\\/maisonjehan.com\\\/index.php\\\/product\\\/assortiment-3-aperitifs\\\/#primaryimage\"},\"image\":{\"@id\":\"https:\\\/\\\/maisonjehan.com\\\/index.php\\\/product\\\/assortiment-3-aperitifs\\\/#primaryimage\"},\"thumbnailUrl\":\"https:\\\/\\\/maisonjehan.com\\\/wp-content\\\/uploads\\\/2021\\\/03\\\/Aperitif-pack-mixte-Poire-Pommeau-Pomme-Orange-1.png\",\"datePublished\":\"2021-03-03T16:35:00+00:00\",\"dateModified\":\"2024-12-21T16:17:10+00:00\",\"description\":\"Pack de 3 bouteilles d'ap\u00e9ritifs 70cl : 1 x Pomme-Orange \u00e0 base de jus de pomme, de jus d'orange et de Calvados + 1 x Pommeau + 1 x ap\u00e9ritif Poire\",\"breadcrumb\":{\"@id\":\"https:\\\/\\\/maisonjehan.com\\\/index.php\\\/product\\\/assortiment-3-aperitifs\\\/#breadcrumb\"},\"inLanguage\":\"fr-FR\",\"potentialAction\":[{\"@type\":\"ReadAction\",\"target\":[\"https:\\\/\\\/maisonjehan.com\\\/index.php\\\/product\\\/assortiment-3-aperitifs\\\/\"]}]},{\"@type\":\"ImageObject\",\"inLanguage\":\"fr-FR\",\"@id\":\"https:\\\/\\\/maisonjehan.com\\\/index.php\\\/product\\\/assortiment-3-aperitifs\\\/#primaryimage\",\"url\":\"https:\\\/\\\/maisonjehan.com\\\/wp-content\\\/uploads\\\/2021\\\/03\\\/Aperitif-pack-mixte-Poire-Pommeau-Pomme-Orange-1.png\",\"contentUrl\":\"https:\\\/\\\/maisonjehan.com\\\/wp-content\\\/uploads\\\/2021\\\/03\\\/Aperitif-pack-mixte-Poire-Pommeau-Pomme-Orange-1.png\",\"width\":568,\"height\":749},{\"@type\":\"BreadcrumbList\",\"@id\":\"https:\\\/\\\/maisonjehan.com\\\/index.php\\\/product\\\/assortiment-3-aperitifs\\\/#breadcrumb\",\"itemListElement\":[{\"@type\":\"ListItem\",\"position\":1,\"name\":\"Home\",\"item\":\"https:\\\/\\\/maisonjehan.com\\\/\"},{\"@type\":\"ListItem\",\"position\":2,\"name\":\"Boutique en ligne\",\"item\":\"https:\\\/\\\/maisonjehan.com\\\/index.php\\\/shop-2\\\/\"},{\"@type\":\"ListItem\",\"position\":3,\"name\":\"Assortiment 3 Ap\u00e9ritifs 70cl: Poire + Pomme-Orange + Pommeau\"}]},{\"@type\":\"WebSite\",\"@id\":\"https:\\\/\\\/maisonjehan.com\\\/#website\",\"url\":\"https:\\\/\\\/maisonjehan.com\\\/\",\"name\":\"\",\"description\":\"Artisan - Cidriculteur\",\"potentialAction\":[{\"@type\":\"SearchAction\",\"target\":{\"@type\":\"EntryPoint\",\"urlTemplate\":\"https:\\\/\\\/maisonjehan.com\\\/?s={search_term_string}\"},\"query-input\":{\"@type\":\"PropertyValueSpecification\",\"valueRequired\":true,\"valueName\":\"search_term_string\"}}],\"inLanguage\":\"fr-FR\"}]}<\/script>\n<!-- \/ Yoast SEO plugin. -->","yoast_head_json":{"title":"Assortiment 3 Ap\u00e9ritifs 70cl: Poire + Pomme-Orange + Pommeau -","description":"Pack de 3 bouteilles d'ap\u00e9ritifs 70cl : 1 x Pomme-Orange \u00e0 base de jus de pomme, de jus d'orange et de Calvados + 1 x Pommeau + 1 x ap\u00e9ritif Poire","robots":{"index":"index","follow":"follow","max-snippet":"max-snippet:-1","max-image-preview":"max-image-preview:large","max-video-preview":"max-video-preview:-1"},"canonical":"https:\/\/maisonjehan.com\/index.php\/product\/assortiment-3-aperitifs\/","og_locale":"fr_FR","og_type":"article","og_title":"Assortiment 3 Ap\u00e9ritifs 70cl: Poire + Pomme-Orange + Pommeau -","og_description":"Pack de 3 bouteilles d'ap\u00e9ritifs 70cl : 1 x Pomme-Orange \u00e0 base de jus de pomme, de jus d'orange et de Calvados + 1 x Pommeau + 1 x ap\u00e9ritif Poire","og_url":"https:\/\/maisonjehan.com\/index.php\/product\/assortiment-3-aperitifs\/","article_publisher":"https:\/\/www.facebook.com\/maisonjehanmichel","article_modified_time":"2024-12-21T16:17:10+00:00","og_image":[{"width":568,"height":749,"url":"https:\/\/maisonjehan.com\/wp-content\/uploads\/2021\/03\/Aperitif-pack-mixte-Poire-Pommeau-Pomme-Orange-1.png","type":"image\/png"}],"twitter_card":"summary_large_image","twitter_misc":{"Dur\u00e9e de lecture estim\u00e9e":"1 minute"},"schema":{"@context":"https:\/\/schema.org","@graph":[{"@type":"WebPage","@id":"https:\/\/maisonjehan.com\/index.php\/product\/assortiment-3-aperitifs\/","url":"https:\/\/maisonjehan.com\/index.php\/product\/assortiment-3-aperitifs\/","name":"Assortiment 3 Ap\u00e9ritifs 70cl: Poire + Pomme-Orange + Pommeau -","isPartOf":{"@id":"https:\/\/maisonjehan.com\/#website"},"primaryImageOfPage":{"@id":"https:\/\/maisonjehan.com\/index.php\/product\/assortiment-3-aperitifs\/#primaryimage"},"image":{"@id":"https:\/\/maisonjehan.com\/index.php\/product\/assortiment-3-aperitifs\/#primaryimage"},"thumbnailUrl":"https:\/\/maisonjehan.com\/wp-content\/uploads\/2021\/03\/Aperitif-pack-mixte-Poire-Pommeau-Pomme-Orange-1.png","datePublished":"2021-03-03T16:35:00+00:00","dateModified":"2024-12-21T16:17:10+00:00","description":"Pack de 3 bouteilles d'ap\u00e9ritifs 70cl : 1 x Pomme-Orange \u00e0 base de jus de pomme, de jus d'orange et de Calvados + 1 x Pommeau + 1 x ap\u00e9ritif Poire","breadcrumb":{"@id":"https:\/\/maisonjehan.com\/index.php\/product\/assortiment-3-aperitifs\/#breadcrumb"},"inLanguage":"fr-FR","potentialAction":[{"@type":"ReadAction","target":["https:\/\/maisonjehan.com\/index.php\/product\/assortiment-3-aperitifs\/"]}]},{"@type":"ImageObject","inLanguage":"fr-FR","@id":"https:\/\/maisonjehan.com\/index.php\/product\/assortiment-3-aperitifs\/#primaryimage","url":"https:\/\/maisonjehan.com\/wp-content\/uploads\/2021\/03\/Aperitif-pack-mixte-Poire-Pommeau-Pomme-Orange-1.png","contentUrl":"https:\/\/maisonjehan.com\/wp-content\/uploads\/2021\/03\/Aperitif-pack-mixte-Poire-Pommeau-Pomme-Orange-1.png","width":568,"height":749},{"@type":"BreadcrumbList","@id":"https:\/\/maisonjehan.com\/index.php\/product\/assortiment-3-aperitifs\/#breadcrumb","itemListElement":[{"@type":"ListItem","position":1,"name":"Home","item":"https:\/\/maisonjehan.com\/"},{"@type":"ListItem","position":2,"name":"Boutique en ligne","item":"https:\/\/maisonjehan.com\/index.php\/shop-2\/"},{"@type":"ListItem","position":3,"name":"Assortiment 3 Ap\u00e9ritifs 70cl: Poire + Pomme-Orange + Pommeau"}]},{"@type":"WebSite","@id":"https:\/\/maisonjehan.com\/#website","url":"https:\/\/maisonjehan.com\/","name":"","description":"Artisan - Cidriculteur","potentialAction":[{"@type":"SearchAction","target":{"@type":"EntryPoint","urlTemplate":"https:\/\/maisonjehan.com\/?s={search_term_string}"},"query-input":{"@type":"PropertyValueSpecification","valueRequired":true,"valueName":"search_term_string"}}],"inLanguage":"fr-FR"}]}},"jetpack_sharing_enabled":true,"_links":{"self":[{"href":"https:\/\/maisonjehan.com\/index.php\/wp-json\/wp\/v2\/product\/843","targetHints":{"allow":["GET"]}}],"collection":[{"href":"https:\/\/maisonjehan.com\/index.php\/wp-json\/wp\/v2\/product"}],"about":[{"href":"https:\/\/maisonjehan.com\/index.php\/wp-json\/wp\/v2\/types\/product"}],"wp:featuredmedia":[{"embeddable":true,"href":"https:\/\/maisonjehan.com\/index.php\/wp-json\/wp\/v2\/media\/845"}],"wp:attachment":[{"href":"https:\/\/maisonjehan.com\/index.php\/wp-json\/wp\/v2\/media?parent=843"}],"wp:term":[{"taxonomy":"product_brand","embeddable":true,"href":"https:\/\/maisonjehan.com\/index.php\/wp-json\/wp\/v2\/product_brand?post=843"},{"taxonomy":"product_cat","embeddable":true,"href":"https:\/\/maisonjehan.com\/index.php\/wp-json\/wp\/v2\/product_cat?post=843"},{"taxonomy":"product_tag","embeddable":true,"href":"https:\/\/maisonjehan.com\/index.php\/wp-json\/wp\/v2\/product_tag?post=843"}],"curies":[{"name":"wp","href":"https:\/\/api.w.org\/{rel}","templated":true}]}}