{"id":927,"date":"2022-03-20T10:45:07","date_gmt":"2022-03-20T10:45:07","guid":{"rendered":"https:\/\/maisonjehan.com\/?post_type=product&#038;p=927"},"modified":"2024-12-21T16:16:25","modified_gmt":"2024-12-21T16:16:25","slug":"eau-de-vie-de-poire-hors-dage-12-ans-35cl-fut-chene","status":"publish","type":"product","link":"https:\/\/maisonjehan.com\/index.php\/product\/eau-de-vie-de-poire-hors-dage-12-ans-35cl-fut-chene\/","title":{"rendered":"Eau de vie de Poir\u00e9 Hors d&rsquo;\u00c2ge (12 ans) 35cl f\u00fbt de ch\u00eane"},"content":{"rendered":"<p>Eau de vie de Poir\u00e9 Hors d&rsquo;\u00c2ge (12 ans) 35cl f\u00fbt de ch\u00eane<\/p>\n","protected":false},"excerpt":{"rendered":"<p>Eau de vie de Poir\u00e9 Hors d&rsquo;\u00c2ge (12 ans) 35cl f\u00fbt de ch\u00eane<\/p>\n","protected":false},"featured_media":80,"template":"","meta":[],"product_brand":[],"product_cat":[36],"product_tag":[],"class_list":{"0":"post-927","1":"product","2":"type-product","3":"status-publish","4":"has-post-thumbnail","6":"product_cat-eaux-de-vie","8":"first","9":"instock","10":"purchasable","11":"product-type-simple"},"yoast_head":"<!-- This site is optimized with the Yoast SEO plugin v27.5 - https:\/\/yoast.com\/product\/yoast-seo-wordpress\/ -->\n<title>Eau de vie de Poir\u00e9 Hors d&#039;\u00c2ge (12 ans) 35cl f\u00fbt de ch\u00eane<\/title>\n<meta name=\"description\" content=\"Eau de vie de Poir\u00e9 Hors d&#039;\u00c2ge (12 ans) 35cl f\u00fbt de ch\u00eane\" \/>\n<meta name=\"robots\" content=\"index, follow, max-snippet:-1, max-image-preview:large, max-video-preview:-1\" \/>\n<link rel=\"canonical\" href=\"https:\/\/maisonjehan.com\/index.php\/product\/eau-de-vie-de-poire-hors-dage-12-ans-35cl-fut-chene\/\" \/>\n<meta property=\"og:locale\" content=\"fr_FR\" \/>\n<meta property=\"og:type\" content=\"article\" \/>\n<meta property=\"og:title\" content=\"Eau de vie de Poir\u00e9 Hors d&#039;\u00c2ge (12 ans) 35cl f\u00fbt de ch\u00eane\" \/>\n<meta property=\"og:description\" content=\"Eau de vie de Poir\u00e9 Hors d&#039;\u00c2ge (12 ans) 35cl f\u00fbt de ch\u00eane\" \/>\n<meta property=\"og:url\" content=\"https:\/\/maisonjehan.com\/index.php\/product\/eau-de-vie-de-poire-hors-dage-12-ans-35cl-fut-chene\/\" \/>\n<meta property=\"article:publisher\" content=\"https:\/\/www.facebook.com\/maisonjehanmichel\" \/>\n<meta property=\"article:modified_time\" content=\"2024-12-21T16:16:25+00:00\" \/>\n<meta property=\"og:image\" content=\"https:\/\/maisonjehan.com\/wp-content\/uploads\/2021\/01\/Eau-de-vie-de-Poire-Hors-dAge-12-ans-35-cl-22.00E-scaled.jpg\" \/>\n\t<meta property=\"og:image:width\" content=\"1824\" \/>\n\t<meta property=\"og:image:height\" content=\"2560\" \/>\n\t<meta property=\"og:image:type\" content=\"image\/jpeg\" \/>\n<meta name=\"twitter:card\" content=\"summary_large_image\" \/>\n<meta name=\"twitter:label1\" content=\"Dur\u00e9e de lecture estim\u00e9e\" \/>\n\t<meta name=\"twitter:data1\" content=\"1 minute\" \/>\n<script type=\"application\/ld+json\" class=\"yoast-schema-graph\">{\"@context\":\"https:\\\/\\\/schema.org\",\"@graph\":[{\"@type\":\"WebPage\",\"@id\":\"https:\\\/\\\/maisonjehan.com\\\/index.php\\\/product\\\/eau-de-vie-de-poire-hors-dage-12-ans-35cl-fut-chene\\\/\",\"url\":\"https:\\\/\\\/maisonjehan.com\\\/index.php\\\/product\\\/eau-de-vie-de-poire-hors-dage-12-ans-35cl-fut-chene\\\/\",\"name\":\"Eau de vie de Poir\u00e9 Hors d'\u00c2ge (12 ans) 35cl f\u00fbt de ch\u00eane\",\"isPartOf\":{\"@id\":\"https:\\\/\\\/maisonjehan.com\\\/#website\"},\"primaryImageOfPage\":{\"@id\":\"https:\\\/\\\/maisonjehan.com\\\/index.php\\\/product\\\/eau-de-vie-de-poire-hors-dage-12-ans-35cl-fut-chene\\\/#primaryimage\"},\"image\":{\"@id\":\"https:\\\/\\\/maisonjehan.com\\\/index.php\\\/product\\\/eau-de-vie-de-poire-hors-dage-12-ans-35cl-fut-chene\\\/#primaryimage\"},\"thumbnailUrl\":\"https:\\\/\\\/maisonjehan.com\\\/wp-content\\\/uploads\\\/2021\\\/01\\\/Eau-de-vie-de-Poire-Hors-dAge-12-ans-35-cl-22.00E-scaled.jpg\",\"datePublished\":\"2022-03-20T10:45:07+00:00\",\"dateModified\":\"2024-12-21T16:16:25+00:00\",\"description\":\"Eau de vie de Poir\u00e9 Hors d'\u00c2ge (12 ans) 35cl f\u00fbt de ch\u00eane\",\"breadcrumb\":{\"@id\":\"https:\\\/\\\/maisonjehan.com\\\/index.php\\\/product\\\/eau-de-vie-de-poire-hors-dage-12-ans-35cl-fut-chene\\\/#breadcrumb\"},\"inLanguage\":\"fr-FR\",\"potentialAction\":[{\"@type\":\"ReadAction\",\"target\":[\"https:\\\/\\\/maisonjehan.com\\\/index.php\\\/product\\\/eau-de-vie-de-poire-hors-dage-12-ans-35cl-fut-chene\\\/\"]}]},{\"@type\":\"ImageObject\",\"inLanguage\":\"fr-FR\",\"@id\":\"https:\\\/\\\/maisonjehan.com\\\/index.php\\\/product\\\/eau-de-vie-de-poire-hors-dage-12-ans-35cl-fut-chene\\\/#primaryimage\",\"url\":\"https:\\\/\\\/maisonjehan.com\\\/wp-content\\\/uploads\\\/2021\\\/01\\\/Eau-de-vie-de-Poire-Hors-dAge-12-ans-35-cl-22.00E-scaled.jpg\",\"contentUrl\":\"https:\\\/\\\/maisonjehan.com\\\/wp-content\\\/uploads\\\/2021\\\/01\\\/Eau-de-vie-de-Poire-Hors-dAge-12-ans-35-cl-22.00E-scaled.jpg\",\"width\":1824,\"height\":2560},{\"@type\":\"BreadcrumbList\",\"@id\":\"https:\\\/\\\/maisonjehan.com\\\/index.php\\\/product\\\/eau-de-vie-de-poire-hors-dage-12-ans-35cl-fut-chene\\\/#breadcrumb\",\"itemListElement\":[{\"@type\":\"ListItem\",\"position\":1,\"name\":\"Home\",\"item\":\"https:\\\/\\\/maisonjehan.com\\\/\"},{\"@type\":\"ListItem\",\"position\":2,\"name\":\"Boutique en ligne\",\"item\":\"https:\\\/\\\/maisonjehan.com\\\/index.php\\\/shop-2\\\/\"},{\"@type\":\"ListItem\",\"position\":3,\"name\":\"Eau de vie de Poir\u00e9 Hors d&rsquo;\u00c2ge (12 ans) 35cl f\u00fbt de ch\u00eane\"}]},{\"@type\":\"WebSite\",\"@id\":\"https:\\\/\\\/maisonjehan.com\\\/#website\",\"url\":\"https:\\\/\\\/maisonjehan.com\\\/\",\"name\":\"\",\"description\":\"Artisan - Cidriculteur\",\"potentialAction\":[{\"@type\":\"SearchAction\",\"target\":{\"@type\":\"EntryPoint\",\"urlTemplate\":\"https:\\\/\\\/maisonjehan.com\\\/?s={search_term_string}\"},\"query-input\":{\"@type\":\"PropertyValueSpecification\",\"valueRequired\":true,\"valueName\":\"search_term_string\"}}],\"inLanguage\":\"fr-FR\"}]}<\/script>\n<!-- \/ Yoast SEO plugin. -->","yoast_head_json":{"title":"Eau de vie de Poir\u00e9 Hors d'\u00c2ge (12 ans) 35cl f\u00fbt de ch\u00eane","description":"Eau de vie de Poir\u00e9 Hors d'\u00c2ge (12 ans) 35cl f\u00fbt de ch\u00eane","robots":{"index":"index","follow":"follow","max-snippet":"max-snippet:-1","max-image-preview":"max-image-preview:large","max-video-preview":"max-video-preview:-1"},"canonical":"https:\/\/maisonjehan.com\/index.php\/product\/eau-de-vie-de-poire-hors-dage-12-ans-35cl-fut-chene\/","og_locale":"fr_FR","og_type":"article","og_title":"Eau de vie de Poir\u00e9 Hors d'\u00c2ge (12 ans) 35cl f\u00fbt de ch\u00eane","og_description":"Eau de vie de Poir\u00e9 Hors d'\u00c2ge (12 ans) 35cl f\u00fbt de ch\u00eane","og_url":"https:\/\/maisonjehan.com\/index.php\/product\/eau-de-vie-de-poire-hors-dage-12-ans-35cl-fut-chene\/","article_publisher":"https:\/\/www.facebook.com\/maisonjehanmichel","article_modified_time":"2024-12-21T16:16:25+00:00","og_image":[{"width":1824,"height":2560,"url":"https:\/\/maisonjehan.com\/wp-content\/uploads\/2021\/01\/Eau-de-vie-de-Poire-Hors-dAge-12-ans-35-cl-22.00E-scaled.jpg","type":"image\/jpeg"}],"twitter_card":"summary_large_image","twitter_misc":{"Dur\u00e9e de lecture estim\u00e9e":"1 minute"},"schema":{"@context":"https:\/\/schema.org","@graph":[{"@type":"WebPage","@id":"https:\/\/maisonjehan.com\/index.php\/product\/eau-de-vie-de-poire-hors-dage-12-ans-35cl-fut-chene\/","url":"https:\/\/maisonjehan.com\/index.php\/product\/eau-de-vie-de-poire-hors-dage-12-ans-35cl-fut-chene\/","name":"Eau de vie de Poir\u00e9 Hors d'\u00c2ge (12 ans) 35cl f\u00fbt de ch\u00eane","isPartOf":{"@id":"https:\/\/maisonjehan.com\/#website"},"primaryImageOfPage":{"@id":"https:\/\/maisonjehan.com\/index.php\/product\/eau-de-vie-de-poire-hors-dage-12-ans-35cl-fut-chene\/#primaryimage"},"image":{"@id":"https:\/\/maisonjehan.com\/index.php\/product\/eau-de-vie-de-poire-hors-dage-12-ans-35cl-fut-chene\/#primaryimage"},"thumbnailUrl":"https:\/\/maisonjehan.com\/wp-content\/uploads\/2021\/01\/Eau-de-vie-de-Poire-Hors-dAge-12-ans-35-cl-22.00E-scaled.jpg","datePublished":"2022-03-20T10:45:07+00:00","dateModified":"2024-12-21T16:16:25+00:00","description":"Eau de vie de Poir\u00e9 Hors d'\u00c2ge (12 ans) 35cl f\u00fbt de ch\u00eane","breadcrumb":{"@id":"https:\/\/maisonjehan.com\/index.php\/product\/eau-de-vie-de-poire-hors-dage-12-ans-35cl-fut-chene\/#breadcrumb"},"inLanguage":"fr-FR","potentialAction":[{"@type":"ReadAction","target":["https:\/\/maisonjehan.com\/index.php\/product\/eau-de-vie-de-poire-hors-dage-12-ans-35cl-fut-chene\/"]}]},{"@type":"ImageObject","inLanguage":"fr-FR","@id":"https:\/\/maisonjehan.com\/index.php\/product\/eau-de-vie-de-poire-hors-dage-12-ans-35cl-fut-chene\/#primaryimage","url":"https:\/\/maisonjehan.com\/wp-content\/uploads\/2021\/01\/Eau-de-vie-de-Poire-Hors-dAge-12-ans-35-cl-22.00E-scaled.jpg","contentUrl":"https:\/\/maisonjehan.com\/wp-content\/uploads\/2021\/01\/Eau-de-vie-de-Poire-Hors-dAge-12-ans-35-cl-22.00E-scaled.jpg","width":1824,"height":2560},{"@type":"BreadcrumbList","@id":"https:\/\/maisonjehan.com\/index.php\/product\/eau-de-vie-de-poire-hors-dage-12-ans-35cl-fut-chene\/#breadcrumb","itemListElement":[{"@type":"ListItem","position":1,"name":"Home","item":"https:\/\/maisonjehan.com\/"},{"@type":"ListItem","position":2,"name":"Boutique en ligne","item":"https:\/\/maisonjehan.com\/index.php\/shop-2\/"},{"@type":"ListItem","position":3,"name":"Eau de vie de Poir\u00e9 Hors d&rsquo;\u00c2ge (12 ans) 35cl f\u00fbt de ch\u00eane"}]},{"@type":"WebSite","@id":"https:\/\/maisonjehan.com\/#website","url":"https:\/\/maisonjehan.com\/","name":"","description":"Artisan - Cidriculteur","potentialAction":[{"@type":"SearchAction","target":{"@type":"EntryPoint","urlTemplate":"https:\/\/maisonjehan.com\/?s={search_term_string}"},"query-input":{"@type":"PropertyValueSpecification","valueRequired":true,"valueName":"search_term_string"}}],"inLanguage":"fr-FR"}]}},"jetpack_sharing_enabled":true,"_links":{"self":[{"href":"https:\/\/maisonjehan.com\/index.php\/wp-json\/wp\/v2\/product\/927","targetHints":{"allow":["GET"]}}],"collection":[{"href":"https:\/\/maisonjehan.com\/index.php\/wp-json\/wp\/v2\/product"}],"about":[{"href":"https:\/\/maisonjehan.com\/index.php\/wp-json\/wp\/v2\/types\/product"}],"wp:featuredmedia":[{"embeddable":true,"href":"https:\/\/maisonjehan.com\/index.php\/wp-json\/wp\/v2\/media\/80"}],"wp:attachment":[{"href":"https:\/\/maisonjehan.com\/index.php\/wp-json\/wp\/v2\/media?parent=927"}],"wp:term":[{"taxonomy":"product_brand","embeddable":true,"href":"https:\/\/maisonjehan.com\/index.php\/wp-json\/wp\/v2\/product_brand?post=927"},{"taxonomy":"product_cat","embeddable":true,"href":"https:\/\/maisonjehan.com\/index.php\/wp-json\/wp\/v2\/product_cat?post=927"},{"taxonomy":"product_tag","embeddable":true,"href":"https:\/\/maisonjehan.com\/index.php\/wp-json\/wp\/v2\/product_tag?post=927"}],"curies":[{"name":"wp","href":"https:\/\/api.w.org\/{rel}","templated":true}]}}